{"id":10,"date":"2021-11-08T13:23:40","date_gmt":"2021-11-08T11:23:40","guid":{"rendered":"https:\/\/immersiumstudio.com\/home\/"},"modified":"2026-01-30T18:07:14","modified_gmt":"2026-01-30T16:07:14","slug":"home","status":"publish","type":"page","link":"https:\/\/immersiumstudio.com\/en\/","title":{"rendered":"Home"},"content":{"rendered":"\n<p>The strength of a company or educational institution is its workers\/students. Improve your skills, abilities and experience in an experiential way with our <strong>immersive experiences<\/strong> in <strong>Virtual Reality<\/strong>. It will allow them to experience situations in which they will find themselves in their professional development, make decisions and make mistakes, without fear of consequences in the real world. Facing those situations in a virtual metaverse allows you to face real life with more confidence.<\/p>\n\n\n\n<div style=\"height:65px\" aria-hidden=\"true\" class=\"wp-block-spacer\"><\/div>\n\n\n\n<h2 class=\"wp-block-heading\">IMMERSIVE <b>LEARNING<\/b> IMPACT<\/h2>\n\n\n<div class=\"animated-percent-block\">\n\t<div class=\"container\">\n\t\t<div class=\"animated-percent-block_inner\">\n\t\t\t<div class=\"percent-number_wrapper\">\n\t\t\t\t\t\t\t\t\t<div class=\"percent-number_item\">\n\t\t\t\t\t\t<div class=\"percent-number_value\">\n\t\t\t\t\t\t\t<span class=\"percent-number_count count-percent\" data-target=\"400\" data-realvalue=\"0\">\n\t\t\t\t\t\t\t\t0\n\t\t\t\t\t\t\t<\/span> <span class=\"percent-number_currency\">%<\/span>\n\t\t\t\t\t\t<\/div>\n\t\t\t\t\t\t<div class=\"percent-number_text\">\n\t\t\t\t\t\t\t<p>CONTENT RETENTION<\/p>\n\t\t\t\t\t\t<\/div>\n\t\t\t\t\t<\/div>\n\t\t\t\t\t\t\t\t\t<div class=\"percent-number_item\">\n\t\t\t\t\t\t<div class=\"percent-number_value\">\n\t\t\t\t\t\t\t<span class=\"percent-number_count count-percent\" data-target=\"200\" data-realvalue=\"0\">\n\t\t\t\t\t\t\t\t0\n\t\t\t\t\t\t\t<\/span> <span class=\"percent-number_currency\">%<\/span>\n\t\t\t\t\t\t<\/div>\n\t\t\t\t\t\t<div class=\"percent-number_text\">\n\t\t\t\t\t\t\t<p>EMPATHY PROMOTION<\/p>\n\t\t\t\t\t\t<\/div>\n\t\t\t\t\t<\/div>\n\t\t\t\t\t\t\t\t\t<div class=\"percent-number_item\">\n\t\t\t\t\t\t<div class=\"percent-number_value\">\n\t\t\t\t\t\t\t<span class=\"percent-number_count count-percent\" data-target=\"400\" data-realvalue=\"0\">\n\t\t\t\t\t\t\t\t0\n\t\t\t\t\t\t\t<\/span> <span class=\"percent-number_currency\">%<\/span>\n\t\t\t\t\t\t<\/div>\n\t\t\t\t\t\t<div class=\"percent-number_text\">\n\t\t\t\t\t\t\t<p>USERS LEARN FASTER<\/p>\n\t\t\t\t\t\t<\/div>\n\t\t\t\t\t<\/div>\n\t\t\t\t\t\t\t<\/div>\n\t\t<\/div>\n\t<\/div>\n\t\n<\/div>\n\n\n\n<div class=\"wp-block-buttons is-horizontal is-content-justification-center is-layout-flex wp-container-core-buttons-is-layout-499968f5 wp-block-buttons-is-layout-flex\">\n<div class=\"wp-block-button\"><a class=\"wp-block-button__link\" href=\"https:\/\/immersiumstudio.com\/soluciones\/\">KNOW IMMERSIUM STUDIO<\/a><\/div>\n<\/div>\n\n\n<div class=\"awards-block\">\n\t<div class=\"container\">\n\t\t\t\t\t<h3 class=\"awards-block_title section-title\">Awards<\/h3>\n\t\t\t\t\n\t\t\t\t\t<div class=\"awards-block_description section-description\"><p style=\"text-align: left;\">At Immersium Studio we are very proud to have won two of the most important awards in industry and education.<\/p>\n<p style=\"text-align: left;\">The<strong> Immersive Learning Research Network<\/strong> (ILRN) is an annual international conference on innovation in immersive education for developers, researchers, and educators from around the world. In the July 2019 edition, Immersium Studio received the <span style=\"color: #993300;\"><strong>Best Immersive Learning Experience Award<\/strong><\/span> with the <strong>360 \u200b\u200b3D Interactive Learning Experience for Communication and Feedback at the Workplace<\/strong>.<\/p>\n<p style=\"text-align: left;\">The<strong> Auggie Awards<\/strong> are the most recognized awards for Virtual and Augmented Reality in the industry worldwide since 2010. In the last edition that took place in November 2021, Immersium Studio won the <strong><span style=\"color: #9763c7;\">Best Healthcare &amp; Wellness Solution<\/span><\/strong> with the experience <strong>Upskilling ICU Professionals with Virtual Reality training<\/strong>.<\/p><\/div>\n\t\t\t\t\n\t\t\t\t\t<div class=\"awards-block_collection\">\n\t\t\t\t\t\t\t\t\t<div class=\"awards-block_item award\">\n\t\t\t\t\t\t<picture>\n\t\t\t\t\t\t\t<img decoding=\"async\" src=\"https:\/\/immersiumstudio.com\/wp-content\/uploads\/2022\/05\/imagenes-1-400x0-c-default.png\" alt=\"ILRN 2019 WINNER\">\n\t\t\t\t\t\t<\/picture>\n\t\t\t\t\t<\/div>\n\t\t\t\t\t\t\t\t\t<div class=\"awards-block_item award\">\n\t\t\t\t\t\t<picture>\n\t\t\t\t\t\t\t<img decoding=\"async\" src=\"https:\/\/immersiumstudio.com\/wp-content\/uploads\/2021\/12\/auggie-awards-400x0-c-default.png\" alt=\"Auggie Awards 2021 - Best Healthcare &#038; Wellness solution\">\n\t\t\t\t\t\t<\/picture>\n\t\t\t\t\t<\/div>\n\t\t\t\t\t\t\t<\/div>\n\t\t\t\t\n\t<\/div>\n<\/div>\n\n\n\n\t<div class=\"posts-block\">\n\t\t<div class=\"container\">\n\t\t\t\t\t\t\t<h3 class=\"posts-block_title section-title\">Featured Articles<\/h3>\n\t\t\t\t\t\t\t\t\t\n\t\t\t\t\t\t<div class=\"archive_collection-wrapper\">\n\t\t\t\t<div class=\"post-collection archive_collection\">\n\t\t\t\t\t\t\t\t\t\t\t<article class=\"post-collection_item post-item\">\n\t<div class=\"post-item_inner\">\n\t\t\n\t\t\t\t\t\n\t\t\n\t\t\n\t\t<div class=\"post-item_header\">\n\t\t\t<a href=\"https:\/\/immersiumstudio.com\/en\/blog\/seminari-de-realitat-virtual\/\" class=\"post-item_link picture-hover\">\n\t\t\t\t\t\t\t\t\t\t\t\t<picture class=\"post-item_picture\">\n\t\t\t\t\t<img\n\t\t\t\t\t\t\tsrc=\"https:\/\/immersiumstudio.com\/wp-content\/uploads\/2026\/01\/imagenes-450x300-c-default.png\"\n\t\t\t\t\t\t\tsrcset=\"https:\/\/immersiumstudio.com\/wp-content\/uploads\/2026\/01\/imagenes-450x300-c-default.png 1x, https:\/\/immersiumstudio.com\/wp-content\/uploads\/2026\/01\/imagenes-900x600-c-default.png 2x\"\n\t\t\t\t\t\t\talt=\"\">\n\t\t\t\t<\/picture>\n\t\t\t\t\t\t\t\t<p class=\"post-item_date post-date\">\n\t\t\t\t\t<span class=\"post-date_day\">29<\/span><br>\n\t\t\t\t\t<span class=\"post-date_day\">January<\/span><br>\n\t\t\t\t\t<span class=\"post-date_day\">2026<\/span><br>\n\t\t\t\t<\/p>\n\t\t\t\t<h2 class=\"post-item_title\">Virtual Reality seminar<\/h2>\n\t\t\t<\/a>\n\t\t<\/div>\n\t\t\n\t\t<div class=\"post-item_body\">\n\t\t\n\t\t\t\n\t\t\t\t\t\t\t\t\t\t<div class=\"post-item_excerpt\">\n\t\t\t\t\tEl passat dia de gener de 2026 el nostre CEO, Llu\u00eds Villarejo va portar a terme la pon\u00e8ncia \u00abSeminari de Realitat Virtual a l\u2019empresa simulada\u00bb organitzada per la Fundaci\u00f3 Inform amb la col.laboraci\u00f3 de la Diputaci\u00f3 \u2026\n\t\t\t\t<\/div>\n\t\t\t\t\t\t\n\t\t\t\n\t<ul class=\"terms-list categories\">\n\t\t\t\t\t<li class=\"terms-list_item\">\n\t\t\t\t<a class=\"terms-list_link term-link\" href=\"https:\/\/immersiumstudio.com\/en\/blog\/category\/events\/\">Events<\/a>\n\t\t\t<\/li>\n\t\t\t\t\t<li class=\"terms-list_item\">\n\t\t\t\t<a class=\"terms-list_link term-link\" href=\"https:\/\/immersiumstudio.com\/en\/blog\/category\/virtual-reality\/\">Virtual Reality<\/a>\n\t\t\t<\/li>\n\t\t\t<\/ul>\n\t\t\t\n\t\t\n\t\t<\/div>\n\t<\/div>\n<\/article>\n\t\t\t\t\t\t\t\t\t\t\t<article class=\"post-collection_item post-item\">\n\t<div class=\"post-item_inner\">\n\t\t\n\t\t\t\t\t\n\t\t\n\t\t\n\t\t<div class=\"post-item_header\">\n\t\t\t<a href=\"https:\/\/immersiumstudio.com\/en\/blog\/ucf-aposta-per-la-formacio-immersiva-amb-les-nostres-experiencies\/\" class=\"post-item_link picture-hover\">\n\t\t\t\t\t\t\t\t\t\t\t\t<picture class=\"post-item_picture\">\n\t\t\t\t\t<img\n\t\t\t\t\t\t\tsrc=\"https:\/\/immersiumstudio.com\/wp-content\/uploads\/2025\/12\/ucf-vr-450x300-c-default.png\"\n\t\t\t\t\t\t\tsrcset=\"https:\/\/immersiumstudio.com\/wp-content\/uploads\/2025\/12\/ucf-vr-450x300-c-default.png 1x, https:\/\/immersiumstudio.com\/wp-content\/uploads\/2025\/12\/ucf-vr-900x600-c-default.png 2x\"\n\t\t\t\t\t\t\talt=\"\">\n\t\t\t\t<\/picture>\n\t\t\t\t\t\t\t\t<p class=\"post-item_date post-date\">\n\t\t\t\t\t<span class=\"post-date_day\">05<\/span><br>\n\t\t\t\t\t<span class=\"post-date_day\">December<\/span><br>\n\t\t\t\t\t<span class=\"post-date_day\">2025<\/span><br>\n\t\t\t\t<\/p>\n\t\t\t\t<h2 class=\"post-item_title\">UCF is committed to immersive training with our experiences<\/h2>\n\t\t\t<\/a>\n\t\t<\/div>\n\t\t\n\t\t<div class=\"post-item_body\">\n\t\t\n\t\t\t\n\t\t\t\t\t\t\t\t\t\t<div class=\"post-item_excerpt\">\n\t\t\t\t\tUni\u00f3 Consorci Formaci\u00f3 aposta per les nostres experi\u00e8ncies immersives en la seva oferta formativa per desenvolupar compet\u00e8ncies clau en el sector salut i social. Uni\u00f3 Consorci Formaci\u00f3 (UCF) \u00e9s una iniciativa conjunta de La Uni\u00f3 Associaci\u00f3 \u2026\n\t\t\t\t<\/div>\n\t\t\t\t\t\t\n\t\t\t\n\t<ul class=\"terms-list categories\">\n\t\t\t\t\t<li class=\"terms-list_item\">\n\t\t\t\t<a class=\"terms-list_link term-link\" href=\"https:\/\/immersiumstudio.com\/en\/blog\/category\/media-presence\/\">Media presence<\/a>\n\t\t\t<\/li>\n\t\t\t\t\t<li class=\"terms-list_item\">\n\t\t\t\t<a class=\"terms-list_link term-link\" href=\"https:\/\/immersiumstudio.com\/en\/blog\/category\/virtual-reality\/\">Virtual Reality<\/a>\n\t\t\t<\/li>\n\t\t\t<\/ul>\n\t\t\t\n\t\t\n\t\t<\/div>\n\t<\/div>\n<\/article>\n\t\t\t\t\t\t\t\t\t\t\t<article class=\"post-collection_item post-item\">\n\t<div class=\"post-item_inner\">\n\t\t\n\t\t\t\t\t\n\t\t\n\t\t\n\t\t<div class=\"post-item_header\">\n\t\t\t<a href=\"https:\/\/immersiumstudio.com\/en\/blog\/un-ano-mas-en-el-barcelona-deep-tech-summit\/\" class=\"post-item_link picture-hover\">\n\t\t\t\t\t\t\t\t\t\t\t\t<picture class=\"post-item_picture\">\n\t\t\t\t\t<img\n\t\t\t\t\t\t\tsrc=\"https:\/\/immersiumstudio.com\/wp-content\/uploads\/2025\/11\/20251106-120634-450x300-c-default.jpg\"\n\t\t\t\t\t\t\tsrcset=\"https:\/\/immersiumstudio.com\/wp-content\/uploads\/2025\/11\/20251106-120634-450x300-c-default.jpg 1x, https:\/\/immersiumstudio.com\/wp-content\/uploads\/2025\/11\/20251106-120634-900x600-c-default.jpg 2x\"\n\t\t\t\t\t\t\talt=\"\">\n\t\t\t\t<\/picture>\n\t\t\t\t\t\t\t\t<p class=\"post-item_date post-date\">\n\t\t\t\t\t<span class=\"post-date_day\">11<\/span><br>\n\t\t\t\t\t<span class=\"post-date_day\">November<\/span><br>\n\t\t\t\t\t<span class=\"post-date_day\">2025<\/span><br>\n\t\t\t\t<\/p>\n\t\t\t\t<h2 class=\"post-item_title\">Another year at the Barcelona Deep Tech Summit<\/h2>\n\t\t\t<\/a>\n\t\t<\/div>\n\t\t\n\t\t<div class=\"post-item_body\">\n\t\t\n\t\t\t\n\t\t\t\t\t\t\t\t\t\t<div class=\"post-item_excerpt\">\n\t\t\t\t\tBarcelona Deep Tech Summit es un epicentro del sistema emprendedor Deep Tech centrado en la transferencia y la tecnolog\u00eda organizado por Barcelona Activa. Se ha celebrado los d\u00edas 5, 6 y 7 de Noviembre de 2024 \u2026\n\t\t\t\t<\/div>\n\t\t\t\t\t\t\n\t\t\t\n\t<ul class=\"terms-list categories\">\n\t\t\t\t\t<li class=\"terms-list_item\">\n\t\t\t\t<a class=\"terms-list_link term-link\" href=\"https:\/\/immersiumstudio.com\/en\/blog\/category\/events\/\">Events<\/a>\n\t\t\t<\/li>\n\t\t\t\t\t<li class=\"terms-list_item\">\n\t\t\t\t<a class=\"terms-list_link term-link\" href=\"https:\/\/immersiumstudio.com\/en\/blog\/category\/extended-reality\/\">Extended reality<\/a>\n\t\t\t<\/li>\n\t\t\t<\/ul>\n\t\t\t\n\t\t\n\t\t<\/div>\n\t<\/div>\n<\/article>\n\t\t\t\t\t\t\t\t\t<\/div>\n\t\t\t<\/div>\n\t\t\t\t\t\t\t<div class=\"posts-block_archive-link-wrapper\">\n\t\t\t\t\t<a href=\"https:\/\/immersiumstudio.com\/en\/blog\/\" class=\"button\">go to blog<\/a>\n\t\t\t\t<\/div>\n\t\t\t\t\t<\/div>\n\t<\/div>\n\n\n\t<div class=\"projects-block\">\n\t\t<div class=\"container\">\n\t\t\t\t\t\t\t<h3 class=\"projects-block_title section-title\">Projects<\/h3>\n\t\t\t\t\t\t\t\t\t\t<div class=\"projects-block_description\">\n\t\t\t\t\t<p>We design our projects tailored to each client and according to their needs. We develop immersive educational and corporate experiences through Virtual Reality in interactive 360 \u200b\u200bvideo, in real scenarios.<\/p>\n\t\t\t\t<\/div>\n\t\t\t\t\t\t\n\t\t\t\t\t\t\t<div class=\"projects-block_categories\">\n\t\t\t\t\t<div class=\"taxonomy-menu project-category-filters_menu\">\n\t<ul class=\"terms-list\">\n\t\t\t\t\t<li class=\"terms-list_item\">\n\t\t\t\t<a class=\"terms-list_link term-link \" href=\"https:\/\/immersiumstudio.com\/en\/blog\/project-category\/augmented-reality\/\">Augmented Reality<\/a>\n\t\t\t<\/li>\n\t\t\t\t\t<li class=\"terms-list_item\">\n\t\t\t\t<a class=\"terms-list_link term-link \" href=\"https:\/\/immersiumstudio.com\/en\/blog\/project-category\/culture\/\">Culture<\/a>\n\t\t\t<\/li>\n\t\t\t\t\t<li class=\"terms-list_item\">\n\t\t\t\t<a class=\"terms-list_link term-link \" href=\"https:\/\/immersiumstudio.com\/en\/blog\/project-category\/extended-reality\/\">Extended Reality<\/a>\n\t\t\t<\/li>\n\t\t\t\t\t<li class=\"terms-list_item\">\n\t\t\t\t<a class=\"terms-list_link term-link \" href=\"https:\/\/immersiumstudio.com\/en\/blog\/project-category\/ri-en\/\">R&amp;I<\/a>\n\t\t\t<\/li>\n\t\t\t\t\t<li class=\"terms-list_item\">\n\t\t\t\t<a class=\"terms-list_link term-link \" href=\"https:\/\/immersiumstudio.com\/en\/blog\/project-category\/training\/\">Training<\/a>\n\t\t\t<\/li>\n\t\t\t\t\t<li class=\"terms-list_item\">\n\t\t\t\t<a class=\"terms-list_link term-link \" href=\"https:\/\/immersiumstudio.com\/en\/blog\/project-category\/virtual-reality\/\">Virtual Reality<\/a>\n\t\t\t<\/li>\n\t\t\t<\/ul>\n<\/div>\n\n\t\t\t\t<\/div>\n\t\t\t\t\t\t<div class=\"archive_collection-wrapper\">\n\t\t\t\t<div class=\"post-collection project-collection archive_collection\">\n\t\t\t\t\t\t\t\t\t\t\t<article class=\"project-collection_item post-item project-item\">\n\t<div class=\"project-item_inner\">\n\t\t\t\t\t<a href=\"https:\/\/immersiumstudio.com\/en\/projects\/projecte-soft-skills-per-millorar-lempleabilitat-en-rv\/\" class=\"project-item_link picture-hover\">\n\t\t\t\t\t\t\t<picture class=\"project-item_picture\">\n\t\t\t\t\t<img\n\t\t\t\t\t\t\tsrc=\"https:\/\/immersiumstudio.com\/wp-content\/uploads\/2025\/07\/castellar-500x450-c-default.png\"\n\t\t\t\t\t\t\tsrcset=\"https:\/\/immersiumstudio.com\/wp-content\/uploads\/2025\/07\/castellar-500x450-c-default.png 1x, https:\/\/immersiumstudio.com\/wp-content\/uploads\/2025\/07\/castellar-1000x900-c-default.png 2x\"\n\t\t\t\t\t\t\talt=\"\">\n\t\t\t\t<\/picture>\n\t\t\t\t\t\t<div class=\"project-item_text\">\n\t\t\t\t<h2 class=\"project-item_title\">Soft Skills Project to Improve Employability in VR<\/h2>\n\t\t\t\t<div class=\"post-item_categories\">\n\t\t\t\t\t\n\t<ul class=\"terms-list project-categories\">\n\t\t\t\t\t<li class=\"terms-list_item\">\n\t\t\t\t<a class=\"terms-list_link term-link\" href=\"https:\/\/immersiumstudio.com\/en\/blog\/project-category\/training\/\">Training<\/a>\n\t\t\t<\/li>\n\t\t\t\t\t<li class=\"terms-list_item\">\n\t\t\t\t<a class=\"terms-list_link term-link\" href=\"https:\/\/immersiumstudio.com\/en\/blog\/project-category\/virtual-reality\/\">Virtual Reality<\/a>\n\t\t\t<\/li>\n\t\t\t<\/ul>\n\t\t\t\t<\/div>\n\t\t\t<\/div>\n\t\t<\/a>\n\t<\/div>\n<\/article>\n\t\t\t\t\t\t\t\t\t\t\t<article class=\"project-collection_item post-item project-item\">\n\t<div class=\"project-item_inner\">\n\t\t\t\t\t<a href=\"https:\/\/immersiumstudio.com\/en\/projects\/projecte-departament-de-justicia-continguts-immersius-per-a-intervencio-terapeutica\/\" class=\"project-item_link picture-hover\">\n\t\t\t\t\t\t\t<picture class=\"project-item_picture\">\n\t\t\t\t\t<img\n\t\t\t\t\t\t\tsrc=\"https:\/\/immersiumstudio.com\/wp-content\/uploads\/2026\/01\/dept-justicia-500x450-c-default.png\"\n\t\t\t\t\t\t\tsrcset=\"https:\/\/immersiumstudio.com\/wp-content\/uploads\/2026\/01\/dept-justicia-500x450-c-default.png 1x, https:\/\/immersiumstudio.com\/wp-content\/uploads\/2026\/01\/dept-justicia-1000x900-c-default.png 2x\"\n\t\t\t\t\t\t\talt=\"\">\n\t\t\t\t<\/picture>\n\t\t\t\t\t\t<div class=\"project-item_text\">\n\t\t\t\t<h2 class=\"project-item_title\">Department of Justice Project &#8211; Immersive content for therapeuthic intervention<\/h2>\n\t\t\t\t<div class=\"post-item_categories\">\n\t\t\t\t\t\n\t\t\t\t<\/div>\n\t\t\t<\/div>\n\t\t<\/a>\n\t<\/div>\n<\/article>\n\t\t\t\t\t\t\t\t\t\t\t<article class=\"project-collection_item post-item project-item\">\n\t<div class=\"project-item_inner\">\n\t\t\t\t\t<a href=\"https:\/\/immersiumstudio.com\/en\/projects\/projecte-accessibilitat-en-la-comunicacio\/\" class=\"project-item_link picture-hover\">\n\t\t\t\t\t\t\t<picture class=\"project-item_picture\">\n\t\t\t\t\t<img\n\t\t\t\t\t\t\tsrc=\"https:\/\/immersiumstudio.com\/wp-content\/uploads\/2025\/07\/accessibilitat-500x450-c-default.png\"\n\t\t\t\t\t\t\tsrcset=\"https:\/\/immersiumstudio.com\/wp-content\/uploads\/2025\/07\/accessibilitat-500x450-c-default.png 1x, https:\/\/immersiumstudio.com\/wp-content\/uploads\/2025\/07\/accessibilitat-1000x900-c-default.png 2x\"\n\t\t\t\t\t\t\talt=\"\">\n\t\t\t\t<\/picture>\n\t\t\t\t\t\t<div class=\"project-item_text\">\n\t\t\t\t<h2 class=\"project-item_title\">Accessibility in Communication Project<\/h2>\n\t\t\t\t<div class=\"post-item_categories\">\n\t\t\t\t\t\n\t<ul class=\"terms-list project-categories\">\n\t\t\t\t\t<li class=\"terms-list_item\">\n\t\t\t\t<a class=\"terms-list_link term-link\" href=\"https:\/\/immersiumstudio.com\/en\/blog\/project-category\/training\/\">Training<\/a>\n\t\t\t<\/li>\n\t\t\t\t\t<li class=\"terms-list_item\">\n\t\t\t\t<a class=\"terms-list_link term-link\" href=\"https:\/\/immersiumstudio.com\/en\/blog\/project-category\/virtual-reality\/\">Virtual Reality<\/a>\n\t\t\t<\/li>\n\t\t\t<\/ul>\n\t\t\t\t<\/div>\n\t\t\t<\/div>\n\t\t<\/a>\n\t<\/div>\n<\/article>\n\t\t\t\t\t\t\t\t\t<\/div>\n\t\t\t<\/div>\n\t\t\t\t\t\t\t<div class=\"projects-block_archive-link-wrapper\">\n\t\t\t\t\t<a href=\"https:\/\/immersiumstudio.com\/en\/projects\/\" class=\"button\">See all projects<\/a>\n\t\t\t\t<\/div>\n\t\t\t\t\t<\/div>\n\t<\/div>\n\n\n<div class=\"customers-logos-block customers-logos\">\n\t<div class=\"container\">\n\t\t\n\t\t\t\t\t<h3 class=\"customers-logos-block_title section-title\">Trust us<\/h3>\n\t\t\t\t\n\t\t<div class=\"customers-logos_inner\">\n\t\t\t\t\t\t\t<div class=\"customer-logo\">\n\t\t\t\t\t<picture>\n\t\t\t\t\t\t<img decoding=\"async\" src=\"https:\/\/immersiumstudio.com\/wp-content\/uploads\/2021\/12\/cosmocaixa-logo-300x0-c-default.png\" alt=\"CosmoCaixa\">\n\t\t\t\t\t<\/picture>\n\t\t\t\t<\/div>\n\t\t\t\t\t\t\t<div class=\"customer-logo\">\n\t\t\t\t\t<picture>\n\t\t\t\t\t\t<img decoding=\"async\" src=\"https:\/\/immersiumstudio.com\/wp-content\/uploads\/2021\/12\/solvia-logo-300x0-c-default.png\" alt=\"Solvia\">\n\t\t\t\t\t<\/picture>\n\t\t\t\t<\/div>\n\t\t\t\t\t\t\t<div class=\"customer-logo\">\n\t\t\t\t\t<picture>\n\t\t\t\t\t\t<img decoding=\"async\" src=\"https:\/\/immersiumstudio.com\/wp-content\/uploads\/2021\/12\/uoc-logo-300x0-c-default.png\" alt=\"UOC Universitat Oberta de Catalunya\">\n\t\t\t\t\t<\/picture>\n\t\t\t\t<\/div>\n\t\t\t\t\t\t\t<div class=\"customer-logo\">\n\t\t\t\t\t<picture>\n\t\t\t\t\t\t<img decoding=\"async\" src=\"https:\/\/immersiumstudio.com\/wp-content\/uploads\/2022\/06\/logo-vall-hebron-300x0-c-default.png\" alt=\"Campus Hospitalario Vall d\u2019Hebron\">\n\t\t\t\t\t<\/picture>\n\t\t\t\t<\/div>\n\t\t\t\t\t\t\t<div class=\"customer-logo\">\n\t\t\t\t\t<picture>\n\t\t\t\t\t\t<img decoding=\"async\" src=\"https:\/\/immersiumstudio.com\/wp-content\/uploads\/2022\/06\/logo-united-nations-300x0-c-default.png\" alt=\"United Nations System Staff College\">\n\t\t\t\t\t<\/picture>\n\t\t\t\t<\/div>\n\t\t\t\t\t<\/div>\n\t\t\n\t\t\t\t\t<div class=\"customers-logos_link-wrapper\">\n\t\t\t\t<a href=\"https:\/\/immersiumstudio.com\/en\/clientes\/\" class=\"customers-logos_link button\">View more costumers<\/a>\n\t\t\t<\/div>\n\t\t\t<\/div>\n<\/div>\n\n\n\n<p><\/p>\n\n\n\n<div style=\"height:136px\" aria-hidden=\"true\" class=\"wp-block-spacer\"><\/div>\n\n\n\n<figure class=\"wp-block-image size-large\"><img loading=\"lazy\" decoding=\"async\" width=\"1024\" height=\"102\" src=\"https:\/\/immersiumstudio.com\/wp-content\/uploads\/2024\/09\/icex-1024x102.png\" alt=\"\" class=\"wp-image-4651\" srcset=\"https:\/\/immersiumstudio.com\/wp-content\/uploads\/2024\/09\/icex-1024x102.png 1024w, https:\/\/immersiumstudio.com\/wp-content\/uploads\/2024\/09\/icex-300x30.png 300w, https:\/\/immersiumstudio.com\/wp-content\/uploads\/2024\/09\/icex-768x77.png 768w, https:\/\/immersiumstudio.com\/wp-content\/uploads\/2024\/09\/icex-1536x154.png 1536w, https:\/\/immersiumstudio.com\/wp-content\/uploads\/2024\/09\/icex.png 1600w\" sizes=\"auto, (max-width: 1024px) 100vw, 1024px\" \/><\/figure>\n\n\n\n<p>Immersium Studio S.L. has participated in the ICEX-Next Export Initiation Program, and has had the support of ICEX, as well as the co-financing of European FEDER Funds, having contributed, according to the extent thereof, to the economic growth of this company, its region and Spain as a whole.<\/p>\n\n\n\n<div style=\"height:180px\" aria-hidden=\"true\" class=\"wp-block-spacer\"><\/div>\n","protected":false},"excerpt":{"rendered":"<p>The strength of a company or educational institution is its workers\/students. Improve your skills, abilities and experience in an experiential way with our immersive experiences in Virtual Reality. It will allow them to experience situations in which they will find themselves in their professional development, make decisions and make mistakes, without fear of consequences in [&hellip;]<\/p>\n","protected":false},"author":1,"featured_media":0,"parent":0,"menu_order":6,"comment_status":"closed","ping_status":"closed","template":"","meta":{"_seopress_robots_primary_cat":"","_seopress_titles_title":"","_seopress_titles_desc":"","_seopress_robots_index":"","footnotes":""},"class_list":["post-10","page","type-page","status-publish","hentry"],"_links":{"self":[{"href":"https:\/\/immersiumstudio.com\/en\/wp-json\/wp\/v2\/pages\/10","targetHints":{"allow":["GET"]}}],"collection":[{"href":"https:\/\/immersiumstudio.com\/en\/wp-json\/wp\/v2\/pages"}],"about":[{"href":"https:\/\/immersiumstudio.com\/en\/wp-json\/wp\/v2\/types\/page"}],"author":[{"embeddable":true,"href":"https:\/\/immersiumstudio.com\/en\/wp-json\/wp\/v2\/users\/1"}],"replies":[{"embeddable":true,"href":"https:\/\/immersiumstudio.com\/en\/wp-json\/wp\/v2\/comments?post=10"}],"version-history":[{"count":0,"href":"https:\/\/immersiumstudio.com\/en\/wp-json\/wp\/v2\/pages\/10\/revisions"}],"wp:attachment":[{"href":"https:\/\/immersiumstudio.com\/en\/wp-json\/wp\/v2\/media?parent=10"}],"curies":[{"name":"wp","href":"https:\/\/api.w.org\/{rel}","templated":true}]}}