{"id":9,"date":"2021-11-08T13:23:40","date_gmt":"2021-11-08T11:23:40","guid":{"rendered":"https:\/\/immersiumstudio.com\/home\/"},"modified":"2026-01-30T18:08:01","modified_gmt":"2026-01-30T16:08:01","slug":"home","status":"publish","type":"page","link":"https:\/\/immersiumstudio.com\/ca\/","title":{"rendered":"Inici"},"content":{"rendered":"\n<p class=\"has-text-align-left has-large-font-size\">La for\u00e7a d&#8217;una companyia o instituci\u00f3 educativa s\u00f3n els seus treballadors\/estudiants. Millora les seves compet\u00e8ncies, habilitats i experi\u00e8ncia d&#8217;una forma vivencial amb les nostres <strong>experi\u00e8ncies immersivas<\/strong> en <strong>Realitat Virtual<\/strong>. Els permetr\u00e0 experimentar situacions en les que es trobaran en el seu desenvolupament professional, prendre decisions i equivocar-se, sense por a consequ\u00e8ncies en el m\u00f3n real. Afrontar aquelles situacions en un metavers virtual permet afrontar la vida real amb m\u00e9s confian\u00e7a.<\/p>\n\n\n\n<p><\/p>\n\n\n\n<div style=\"height:57px\" aria-hidden=\"true\" class=\"wp-block-spacer\"><\/div>\n\n\n\n<h2 class=\"wp-block-heading\">IMPACTE DE L&#8217;APRENENTATGE IMMERSIU<\/h2>\n\n\n\n<p><\/p>\n\n\n<div class=\"animated-percent-block\">\n\t<div class=\"container\">\n\t\t<div class=\"animated-percent-block_inner\">\n\t\t\t<div class=\"percent-number_wrapper\">\n\t\t\t\t\t\t\t\t\t<div class=\"percent-number_item\">\n\t\t\t\t\t\t<div class=\"percent-number_value\">\n\t\t\t\t\t\t\t<span class=\"percent-number_count count-percent\" data-target=\"400\" data-realvalue=\"0\">\n\t\t\t\t\t\t\t\t0\n\t\t\t\t\t\t\t<\/span> <span class=\"percent-number_currency\">%<\/span>\n\t\t\t\t\t\t<\/div>\n\t\t\t\t\t\t<div class=\"percent-number_text\">\n\t\t\t\t\t\t\t<p>RETENCI\u00d3 DE CONTINGUTS<\/p>\n\t\t\t\t\t\t<\/div>\n\t\t\t\t\t<\/div>\n\t\t\t\t\t\t\t\t\t<div class=\"percent-number_item\">\n\t\t\t\t\t\t<div class=\"percent-number_value\">\n\t\t\t\t\t\t\t<span class=\"percent-number_count count-percent\" data-target=\"200\" data-realvalue=\"0\">\n\t\t\t\t\t\t\t\t0\n\t\t\t\t\t\t\t<\/span> <span class=\"percent-number_currency\">%<\/span>\n\t\t\t\t\t\t<\/div>\n\t\t\t\t\t\t<div class=\"percent-number_text\">\n\t\t\t\t\t\t\t<p>FOMENT DE L&#8217;EMPATIA<\/p>\n\t\t\t\t\t\t<\/div>\n\t\t\t\t\t<\/div>\n\t\t\t\t\t\t\t\t\t<div class=\"percent-number_item\">\n\t\t\t\t\t\t<div class=\"percent-number_value\">\n\t\t\t\t\t\t\t<span class=\"percent-number_count count-percent\" data-target=\"400\" data-realvalue=\"0\">\n\t\t\t\t\t\t\t\t0\n\t\t\t\t\t\t\t<\/span> <span class=\"percent-number_currency\">%<\/span>\n\t\t\t\t\t\t<\/div>\n\t\t\t\t\t\t<div class=\"percent-number_text\">\n\t\t\t\t\t\t\t<p>ELS USUARIS APRENEN M\u00c9S R\u00c0PID<\/p>\n\t\t\t\t\t\t<\/div>\n\t\t\t\t\t<\/div>\n\t\t\t\t\t\t\t<\/div>\n\t\t<\/div>\n\t<\/div>\n\t\n<\/div>\n\n\n\n<div class=\"wp-block-buttons is-horizontal is-content-justification-center is-layout-flex wp-container-core-buttons-is-layout-499968f5 wp-block-buttons-is-layout-flex\">\n<div class=\"wp-block-button\"><a class=\"wp-block-button__link\" href=\"https:\/\/immersiumstudio.com\/soluciones\/\">CONEIX IMMERSIUM STUDIO<\/a><\/div>\n<\/div>\n\n\n<div class=\"awards-block\">\n\t<div class=\"container\">\n\t\t\t\t\t<h3 class=\"awards-block_title section-title\">Premis<\/h3>\n\t\t\t\t\n\t\t\t\t\t<div class=\"awards-block_description section-description\"><p style=\"text-align: left;\">A Immersium Studio estem molt orgullosos d&#8217;haver guanyat un dels premis m\u00e9s importants en la industria i en educaci\u00f3.<\/p>\n<p style=\"text-align: left;\">El <em><strong>Immersive Learning Research Network<\/strong><\/em> (ILRN) s\u00f3n unes confer\u00e8ncies internacionals anuals sobre innovaci\u00f3 en educaci\u00f3 immersiva per desenvolupadors, investigadors i educadors de tot el mon. En l&#8217;edici\u00f3 de Juliol de 2019 Immersium Studio va rebre el <span style=\"color: #c98722;\"><em><strong>Best Immersive Learning Experience Award <\/strong><\/em><\/span>amb l&#8217;experi\u00e8ncia <em><strong>360 3D Interactive Learning Experience for Communication and Feedback at the Workplace<\/strong><\/em>.<\/p>\n<p style=\"text-align: left;\">Els <strong>Auggie Awards<\/strong> s\u00f3n els premis a la Realitat Virtual i Augmentada en la industria m\u00e9s reconeguts a nivell mundial des del 2010. En l&#8217;\u00faltima edici\u00f3 que va tenir lloc al Novembre de 2021, Immersium Studio va guanyar el <em><span style=\"color: #8931e0;\"><strong>Best Healthcare &amp; Wellness Solution<\/strong><\/span><\/em> amb l&#8217;experi\u00e8ncia <em><strong>Upskilling ICU Professionals with Virtual Reality training<\/strong><\/em>.\u00a0<\/p><\/div>\n\t\t\t\t\n\t\t\t\t\t<div class=\"awards-block_collection\">\n\t\t\t\t\t\t\t\t\t<div class=\"awards-block_item award\">\n\t\t\t\t\t\t<picture>\n\t\t\t\t\t\t\t<img decoding=\"async\" src=\"https:\/\/immersiumstudio.com\/wp-content\/uploads\/2022\/05\/imagenes-1-400x0-c-default.png\" alt=\"ILRN 2019 WINNER\">\n\t\t\t\t\t\t<\/picture>\n\t\t\t\t\t<\/div>\n\t\t\t\t\t\t\t\t\t<div class=\"awards-block_item award\">\n\t\t\t\t\t\t<picture>\n\t\t\t\t\t\t\t<img decoding=\"async\" src=\"https:\/\/immersiumstudio.com\/wp-content\/uploads\/2021\/12\/auggie-awards-400x0-c-default.png\" alt=\"Auggie Awards 2021 - Best Healthcare &#038; Wellness solution\">\n\t\t\t\t\t\t<\/picture>\n\t\t\t\t\t<\/div>\n\t\t\t\t\t\t\t<\/div>\n\t\t\t\t\n\t<\/div>\n<\/div>\n\n\n\n\t<div class=\"posts-block\">\n\t\t<div class=\"container\">\n\t\t\t\t\t\t\t<h3 class=\"posts-block_title section-title\">Articles destacats<\/h3>\n\t\t\t\t\t\t\t\t\t\n\t\t\t\t\t\t<div class=\"archive_collection-wrapper\">\n\t\t\t\t<div class=\"post-collection archive_collection\">\n\t\t\t\t\t\t\t\t\t\t\t<article class=\"post-collection_item post-item\">\n\t<div class=\"post-item_inner\">\n\t\t\n\t\t\t\t\t\n\t\t\n\t\t\n\t\t<div class=\"post-item_header\">\n\t\t\t<a href=\"https:\/\/immersiumstudio.com\/ca\/blog\/seminari-de-realitat-virtual\/\" class=\"post-item_link picture-hover\">\n\t\t\t\t\t\t\t\t\t\t\t\t<picture class=\"post-item_picture\">\n\t\t\t\t\t<img\n\t\t\t\t\t\t\tsrc=\"https:\/\/immersiumstudio.com\/wp-content\/uploads\/2026\/01\/imagenes-450x300-c-default.png\"\n\t\t\t\t\t\t\tsrcset=\"https:\/\/immersiumstudio.com\/wp-content\/uploads\/2026\/01\/imagenes-450x300-c-default.png 1x, https:\/\/immersiumstudio.com\/wp-content\/uploads\/2026\/01\/imagenes-900x600-c-default.png 2x\"\n\t\t\t\t\t\t\talt=\"\">\n\t\t\t\t<\/picture>\n\t\t\t\t\t\t\t\t<p class=\"post-item_date post-date\">\n\t\t\t\t\t<span class=\"post-date_day\">29<\/span><br>\n\t\t\t\t\t<span class=\"post-date_day\">Gener<\/span><br>\n\t\t\t\t\t<span class=\"post-date_day\">2026<\/span><br>\n\t\t\t\t<\/p>\n\t\t\t\t<h2 class=\"post-item_title\">Seminari de Realitat Virtual<\/h2>\n\t\t\t<\/a>\n\t\t<\/div>\n\t\t\n\t\t<div class=\"post-item_body\">\n\t\t\n\t\t\t\n\t\t\t\t\t\t\t\t\t\t<div class=\"post-item_excerpt\">\n\t\t\t\t\tEl passat dia de gener de 2026 el nostre CEO, Llu\u00eds Villarejo va portar a terme la pon\u00e8ncia \u00abSeminari de Realitat Virtual a l\u2019empresa simulada\u00bb organitzada per la Fundaci\u00f3 Inform amb la col.laboraci\u00f3 de la Diputaci\u00f3 \u2026\n\t\t\t\t<\/div>\n\t\t\t\t\t\t\n\t\t\t\n\t<ul class=\"terms-list categories\">\n\t\t\t\t\t<li class=\"terms-list_item\">\n\t\t\t\t<a class=\"terms-list_link term-link\" href=\"https:\/\/immersiumstudio.com\/ca\/blog\/category\/esdeveniments\/\">Esdeveniments<\/a>\n\t\t\t<\/li>\n\t\t\t\t\t<li class=\"terms-list_item\">\n\t\t\t\t<a class=\"terms-list_link term-link\" href=\"https:\/\/immersiumstudio.com\/ca\/blog\/category\/realitat-virtual\/\">Realitat Virtual<\/a>\n\t\t\t<\/li>\n\t\t\t<\/ul>\n\t\t\t\n\t\t\n\t\t<\/div>\n\t<\/div>\n<\/article>\n\t\t\t\t\t\t\t\t\t\t\t<article class=\"post-collection_item post-item\">\n\t<div class=\"post-item_inner\">\n\t\t\n\t\t\t\t\t\n\t\t\n\t\t\n\t\t<div class=\"post-item_header\">\n\t\t\t<a href=\"https:\/\/immersiumstudio.com\/ca\/blog\/ucf-aposta-per-la-formacio-immersiva-amb-les-nostres-experiencies\/\" class=\"post-item_link picture-hover\">\n\t\t\t\t\t\t\t\t\t\t\t\t<picture class=\"post-item_picture\">\n\t\t\t\t\t<img\n\t\t\t\t\t\t\tsrc=\"https:\/\/immersiumstudio.com\/wp-content\/uploads\/2025\/12\/ucf-vr-450x300-c-default.png\"\n\t\t\t\t\t\t\tsrcset=\"https:\/\/immersiumstudio.com\/wp-content\/uploads\/2025\/12\/ucf-vr-450x300-c-default.png 1x, https:\/\/immersiumstudio.com\/wp-content\/uploads\/2025\/12\/ucf-vr-900x600-c-default.png 2x\"\n\t\t\t\t\t\t\talt=\"\">\n\t\t\t\t<\/picture>\n\t\t\t\t\t\t\t\t<p class=\"post-item_date post-date\">\n\t\t\t\t\t<span class=\"post-date_day\">05<\/span><br>\n\t\t\t\t\t<span class=\"post-date_day\">Desembre<\/span><br>\n\t\t\t\t\t<span class=\"post-date_day\">2025<\/span><br>\n\t\t\t\t<\/p>\n\t\t\t\t<h2 class=\"post-item_title\">UCF aposta per la formaci\u00f3 immersiva amb les nostres experi\u00e8ncies<\/h2>\n\t\t\t<\/a>\n\t\t<\/div>\n\t\t\n\t\t<div class=\"post-item_body\">\n\t\t\n\t\t\t\n\t\t\t\t\t\t\t\t\t\t<div class=\"post-item_excerpt\">\n\t\t\t\t\tUni\u00f3 Consorci Formaci\u00f3 aposta per les nostres experi\u00e8ncies immersives en la seva oferta formativa per desenvolupar compet\u00e8ncies clau en el sector salut i social. Uni\u00f3 Consorci Formaci\u00f3 (UCF) \u00e9s una iniciativa conjunta de La Uni\u00f3 Associaci\u00f3 \u2026\n\t\t\t\t<\/div>\n\t\t\t\t\t\t\n\t\t\t\n\t<ul class=\"terms-list categories\">\n\t\t\t\t\t<li class=\"terms-list_item\">\n\t\t\t\t<a class=\"terms-list_link term-link\" href=\"https:\/\/immersiumstudio.com\/ca\/blog\/category\/presencia-en-mitjans\/\">Pres\u00e8ncia en mitjans<\/a>\n\t\t\t<\/li>\n\t\t\t\t\t<li class=\"terms-list_item\">\n\t\t\t\t<a class=\"terms-list_link term-link\" href=\"https:\/\/immersiumstudio.com\/ca\/blog\/category\/realitat-virtual\/\">Realitat Virtual<\/a>\n\t\t\t<\/li>\n\t\t\t<\/ul>\n\t\t\t\n\t\t\n\t\t<\/div>\n\t<\/div>\n<\/article>\n\t\t\t\t\t\t\t\t\t\t\t<article class=\"post-collection_item post-item\">\n\t<div class=\"post-item_inner\">\n\t\t\n\t\t\t\t\t\n\t\t\n\t\t\n\t\t<div class=\"post-item_header\">\n\t\t\t<a href=\"https:\/\/immersiumstudio.com\/ca\/blog\/un-ano-mas-en-el-barcelona-deep-tech-summit\/\" class=\"post-item_link picture-hover\">\n\t\t\t\t\t\t\t\t\t\t\t\t<picture class=\"post-item_picture\">\n\t\t\t\t\t<img\n\t\t\t\t\t\t\tsrc=\"https:\/\/immersiumstudio.com\/wp-content\/uploads\/2025\/11\/20251106-120634-450x300-c-default.jpg\"\n\t\t\t\t\t\t\tsrcset=\"https:\/\/immersiumstudio.com\/wp-content\/uploads\/2025\/11\/20251106-120634-450x300-c-default.jpg 1x, https:\/\/immersiumstudio.com\/wp-content\/uploads\/2025\/11\/20251106-120634-900x600-c-default.jpg 2x\"\n\t\t\t\t\t\t\talt=\"\">\n\t\t\t\t<\/picture>\n\t\t\t\t\t\t\t\t<p class=\"post-item_date post-date\">\n\t\t\t\t\t<span class=\"post-date_day\">11<\/span><br>\n\t\t\t\t\t<span class=\"post-date_day\">Novembre<\/span><br>\n\t\t\t\t\t<span class=\"post-date_day\">2025<\/span><br>\n\t\t\t\t<\/p>\n\t\t\t\t<h2 class=\"post-item_title\">Un any m\u00e9s al Barcelona Deep Tech Summit<\/h2>\n\t\t\t<\/a>\n\t\t<\/div>\n\t\t\n\t\t<div class=\"post-item_body\">\n\t\t\n\t\t\t\n\t\t\t\t\t\t\t\t\t\t<div class=\"post-item_excerpt\">\n\t\t\t\t\tBarcelona Deep Tech Summit es un epicentro del sistema emprendedor Deep Tech centrado en la transferencia y la tecnolog\u00eda organizado por Barcelona Activa. Se ha celebrado los d\u00edas 5, 6 y 7 de Noviembre de 2024 \u2026\n\t\t\t\t<\/div>\n\t\t\t\t\t\t\n\t\t\t\n\t<ul class=\"terms-list categories\">\n\t\t\t\t\t<li class=\"terms-list_item\">\n\t\t\t\t<a class=\"terms-list_link term-link\" href=\"https:\/\/immersiumstudio.com\/ca\/blog\/category\/esdeveniments\/\">Esdeveniments<\/a>\n\t\t\t<\/li>\n\t\t\t\t\t<li class=\"terms-list_item\">\n\t\t\t\t<a class=\"terms-list_link term-link\" href=\"https:\/\/immersiumstudio.com\/ca\/blog\/category\/realitat-estesa\/\">Realitat estesa<\/a>\n\t\t\t<\/li>\n\t\t\t<\/ul>\n\t\t\t\n\t\t\n\t\t<\/div>\n\t<\/div>\n<\/article>\n\t\t\t\t\t\t\t\t\t<\/div>\n\t\t\t<\/div>\n\t\t\t\t\t\t\t<div class=\"posts-block_archive-link-wrapper\">\n\t\t\t\t\t<a href=\"https:\/\/immersiumstudio.com\/ca\/blog\/\" class=\"button\">v\u00e9s al blog<\/a>\n\t\t\t\t<\/div>\n\t\t\t\t\t<\/div>\n\t<\/div>\n\n\n\t<div class=\"projects-block\">\n\t\t<div class=\"container\">\n\t\t\t\t\t\t\t<h3 class=\"projects-block_title section-title\">Projectes<\/h3>\n\t\t\t\t\t\t\t\t\t\t<div class=\"projects-block_description\">\n\t\t\t\t\t<p>Dissenyem els nostres projectes a mesura de cada client i d&#8217;acord amb les seves necessitats. Desenvolupem experi\u00e8ncies immersives educatives i corporatives mitjan\u00e7ant Realitat Virtual amb v\u00eddeo 360 interactiu, en escenaris reals.\u00a0<\/p>\n\t\t\t\t<\/div>\n\t\t\t\t\t\t\n\t\t\t\t\t\t\t<div class=\"projects-block_categories\">\n\t\t\t\t\t<div class=\"taxonomy-menu project-category-filters_menu\">\n\t<ul class=\"terms-list\">\n\t\t\t\t\t<li class=\"terms-list_item\">\n\t\t\t\t<a class=\"terms-list_link term-link \" href=\"https:\/\/immersiumstudio.com\/ca\/blog\/project-category\/cultura-ca\/\">Cultura<\/a>\n\t\t\t<\/li>\n\t\t\t\t\t<li class=\"terms-list_item\">\n\t\t\t\t<a class=\"terms-list_link term-link \" href=\"https:\/\/immersiumstudio.com\/ca\/blog\/project-category\/formacio\/\">Formaci\u00f3<\/a>\n\t\t\t<\/li>\n\t\t\t\t\t<li class=\"terms-list_item\">\n\t\t\t\t<a class=\"terms-list_link term-link \" href=\"https:\/\/immersiumstudio.com\/ca\/blog\/project-category\/ri-3\/\">R&amp;I<\/a>\n\t\t\t<\/li>\n\t\t\t\t\t<li class=\"terms-list_item\">\n\t\t\t\t<a class=\"terms-list_link term-link \" href=\"https:\/\/immersiumstudio.com\/ca\/blog\/project-category\/ri-ca\/\">R&amp;I<\/a>\n\t\t\t<\/li>\n\t\t\t\t\t<li class=\"terms-list_item\">\n\t\t\t\t<a class=\"terms-list_link term-link \" href=\"https:\/\/immersiumstudio.com\/ca\/blog\/project-category\/realitat-augmentada\/\">Realitat Augmentada<\/a>\n\t\t\t<\/li>\n\t\t\t\t\t<li class=\"terms-list_item\">\n\t\t\t\t<a class=\"terms-list_link term-link \" href=\"https:\/\/immersiumstudio.com\/ca\/blog\/project-category\/realitat-estesa-ca\/\">Realitat Estesa<\/a>\n\t\t\t<\/li>\n\t\t\t\t\t<li class=\"terms-list_item\">\n\t\t\t\t<a class=\"terms-list_link term-link \" href=\"https:\/\/immersiumstudio.com\/ca\/blog\/project-category\/realitat-virtual\/\">Realitat Virtual<\/a>\n\t\t\t<\/li>\n\t\t\t<\/ul>\n<\/div>\n\n\t\t\t\t<\/div>\n\t\t\t\t\t\t<div class=\"archive_collection-wrapper\">\n\t\t\t\t<div class=\"post-collection project-collection archive_collection\">\n\t\t\t\t\t\t\t\t\t\t\t<article class=\"project-collection_item post-item project-item\">\n\t<div class=\"project-item_inner\">\n\t\t\t\t\t<a href=\"https:\/\/immersiumstudio.com\/ca\/projects\/projecte-soft-skills-per-millorar-lempleabilitat-en-rv\/\" class=\"project-item_link picture-hover\">\n\t\t\t\t\t\t\t<picture class=\"project-item_picture\">\n\t\t\t\t\t<img\n\t\t\t\t\t\t\tsrc=\"https:\/\/immersiumstudio.com\/wp-content\/uploads\/2025\/07\/castellar-500x450-c-default.png\"\n\t\t\t\t\t\t\tsrcset=\"https:\/\/immersiumstudio.com\/wp-content\/uploads\/2025\/07\/castellar-500x450-c-default.png 1x, https:\/\/immersiumstudio.com\/wp-content\/uploads\/2025\/07\/castellar-1000x900-c-default.png 2x\"\n\t\t\t\t\t\t\talt=\"\">\n\t\t\t\t<\/picture>\n\t\t\t\t\t\t<div class=\"project-item_text\">\n\t\t\t\t<h2 class=\"project-item_title\">Projecte Soft Skills per millorar l&#8217;empleabilitat en RV<\/h2>\n\t\t\t\t<div class=\"post-item_categories\">\n\t\t\t\t\t\n\t<ul class=\"terms-list project-categories\">\n\t\t\t\t\t<li class=\"terms-list_item\">\n\t\t\t\t<a class=\"terms-list_link term-link\" href=\"https:\/\/immersiumstudio.com\/ca\/blog\/project-category\/formacio\/\">Formaci\u00f3<\/a>\n\t\t\t<\/li>\n\t\t\t\t\t<li class=\"terms-list_item\">\n\t\t\t\t<a class=\"terms-list_link term-link\" href=\"https:\/\/immersiumstudio.com\/ca\/blog\/project-category\/realitat-virtual\/\">Realitat Virtual<\/a>\n\t\t\t<\/li>\n\t\t\t<\/ul>\n\t\t\t\t<\/div>\n\t\t\t<\/div>\n\t\t<\/a>\n\t<\/div>\n<\/article>\n\t\t\t\t\t\t\t\t\t\t\t<article class=\"project-collection_item post-item project-item\">\n\t<div class=\"project-item_inner\">\n\t\t\t\t\t<a href=\"https:\/\/immersiumstudio.com\/ca\/projects\/projecte-departament-de-justicia-continguts-immersius-per-a-intervencio-terapeutica\/\" class=\"project-item_link picture-hover\">\n\t\t\t\t\t\t\t<picture class=\"project-item_picture\">\n\t\t\t\t\t<img\n\t\t\t\t\t\t\tsrc=\"https:\/\/immersiumstudio.com\/wp-content\/uploads\/2026\/01\/dept-justicia-500x450-c-default.png\"\n\t\t\t\t\t\t\tsrcset=\"https:\/\/immersiumstudio.com\/wp-content\/uploads\/2026\/01\/dept-justicia-500x450-c-default.png 1x, https:\/\/immersiumstudio.com\/wp-content\/uploads\/2026\/01\/dept-justicia-1000x900-c-default.png 2x\"\n\t\t\t\t\t\t\talt=\"\">\n\t\t\t\t<\/picture>\n\t\t\t\t\t\t<div class=\"project-item_text\">\n\t\t\t\t<h2 class=\"project-item_title\">Projecte Departament de Just\u00edcia &#8211; Continguts immersius per a intervenci\u00f3 terap\u00e8utica<\/h2>\n\t\t\t\t<div class=\"post-item_categories\">\n\t\t\t\t\t\n\t\t\t\t<\/div>\n\t\t\t<\/div>\n\t\t<\/a>\n\t<\/div>\n<\/article>\n\t\t\t\t\t\t\t\t\t\t\t<article class=\"project-collection_item post-item project-item\">\n\t<div class=\"project-item_inner\">\n\t\t\t\t\t<a href=\"https:\/\/immersiumstudio.com\/ca\/projects\/projecte-accessibilitat-en-la-comunicacio\/\" class=\"project-item_link picture-hover\">\n\t\t\t\t\t\t\t<picture class=\"project-item_picture\">\n\t\t\t\t\t<img\n\t\t\t\t\t\t\tsrc=\"https:\/\/immersiumstudio.com\/wp-content\/uploads\/2025\/07\/accessibilitat-500x450-c-default.png\"\n\t\t\t\t\t\t\tsrcset=\"https:\/\/immersiumstudio.com\/wp-content\/uploads\/2025\/07\/accessibilitat-500x450-c-default.png 1x, https:\/\/immersiumstudio.com\/wp-content\/uploads\/2025\/07\/accessibilitat-1000x900-c-default.png 2x\"\n\t\t\t\t\t\t\talt=\"\">\n\t\t\t\t<\/picture>\n\t\t\t\t\t\t<div class=\"project-item_text\">\n\t\t\t\t<h2 class=\"project-item_title\">Projecte Accessibilitat en la comunicaci\u00f3<\/h2>\n\t\t\t\t<div class=\"post-item_categories\">\n\t\t\t\t\t\n\t<ul class=\"terms-list project-categories\">\n\t\t\t\t\t<li class=\"terms-list_item\">\n\t\t\t\t<a class=\"terms-list_link term-link\" href=\"https:\/\/immersiumstudio.com\/ca\/blog\/project-category\/formacio\/\">Formaci\u00f3<\/a>\n\t\t\t<\/li>\n\t\t\t\t\t<li class=\"terms-list_item\">\n\t\t\t\t<a class=\"terms-list_link term-link\" href=\"https:\/\/immersiumstudio.com\/ca\/blog\/project-category\/realitat-virtual\/\">Realitat Virtual<\/a>\n\t\t\t<\/li>\n\t\t\t<\/ul>\n\t\t\t\t<\/div>\n\t\t\t<\/div>\n\t\t<\/a>\n\t<\/div>\n<\/article>\n\t\t\t\t\t\t\t\t\t<\/div>\n\t\t\t<\/div>\n\t\t\t\t\t\t\t<div class=\"projects-block_archive-link-wrapper\">\n\t\t\t\t\t<a href=\"https:\/\/immersiumstudio.com\/ca\/projects\/\" class=\"button\">Veure tots els projectes<\/a>\n\t\t\t\t<\/div>\n\t\t\t\t\t<\/div>\n\t<\/div>\n\n\n<div class=\"customers-logos-block customers-logos\">\n\t<div class=\"container\">\n\t\t\n\t\t\t\t\t<h3 class=\"customers-logos-block_title section-title\">Confien en nosaltres<\/h3>\n\t\t\t\t\n\t\t<div class=\"customers-logos_inner\">\n\t\t\t\t\t\t\t<div class=\"customer-logo\">\n\t\t\t\t\t<picture>\n\t\t\t\t\t\t<img decoding=\"async\" src=\"https:\/\/immersiumstudio.com\/wp-content\/uploads\/2021\/12\/cosmocaixa-logo-300x0-c-default.png\" alt=\"CosmoCaixa\">\n\t\t\t\t\t<\/picture>\n\t\t\t\t<\/div>\n\t\t\t\t\t\t\t<div class=\"customer-logo\">\n\t\t\t\t\t<picture>\n\t\t\t\t\t\t<img decoding=\"async\" src=\"https:\/\/immersiumstudio.com\/wp-content\/uploads\/2021\/12\/solvia-logo-300x0-c-default.png\" alt=\"Solvia\">\n\t\t\t\t\t<\/picture>\n\t\t\t\t<\/div>\n\t\t\t\t\t\t\t<div class=\"customer-logo\">\n\t\t\t\t\t<picture>\n\t\t\t\t\t\t<img decoding=\"async\" src=\"https:\/\/immersiumstudio.com\/wp-content\/uploads\/2021\/12\/uoc-logo-300x0-c-default.png\" alt=\"UOC Universitat Oberta de Catalunya\">\n\t\t\t\t\t<\/picture>\n\t\t\t\t<\/div>\n\t\t\t\t\t\t\t<div class=\"customer-logo\">\n\t\t\t\t\t<picture>\n\t\t\t\t\t\t<img decoding=\"async\" src=\"https:\/\/immersiumstudio.com\/wp-content\/uploads\/2022\/06\/logo-vall-hebron-300x0-c-default.png\" alt=\"Campus Hospitalario Vall d\u2019Hebron\">\n\t\t\t\t\t<\/picture>\n\t\t\t\t<\/div>\n\t\t\t\t\t\t\t<div class=\"customer-logo\">\n\t\t\t\t\t<picture>\n\t\t\t\t\t\t<img decoding=\"async\" src=\"https:\/\/immersiumstudio.com\/wp-content\/uploads\/2022\/06\/logo-united-nations-300x0-c-default.png\" alt=\"United Nations System Staff College\">\n\t\t\t\t\t<\/picture>\n\t\t\t\t<\/div>\n\t\t\t\t\t<\/div>\n\t\t\n\t\t\t\t\t<div class=\"customers-logos_link-wrapper\">\n\t\t\t\t<a href=\"https:\/\/immersiumstudio.com\/ca\/clientes\/\" class=\"customers-logos_link button\">Veure m\u00e9s clients<\/a>\n\t\t\t<\/div>\n\t\t\t<\/div>\n<\/div>\n\n\n\n<p><\/p>\n\n\n\n<div style=\"height:151px\" aria-hidden=\"true\" class=\"wp-block-spacer\"><\/div>\n\n\n\n<figure class=\"wp-block-image size-large\"><img loading=\"lazy\" decoding=\"async\" width=\"1024\" height=\"102\" src=\"https:\/\/immersiumstudio.com\/wp-content\/uploads\/2024\/09\/icex-1024x102.png\" alt=\"\" class=\"wp-image-4650\" srcset=\"https:\/\/immersiumstudio.com\/wp-content\/uploads\/2024\/09\/icex-1024x102.png 1024w, https:\/\/immersiumstudio.com\/wp-content\/uploads\/2024\/09\/icex-300x30.png 300w, https:\/\/immersiumstudio.com\/wp-content\/uploads\/2024\/09\/icex-768x77.png 768w, https:\/\/immersiumstudio.com\/wp-content\/uploads\/2024\/09\/icex-1536x154.png 1536w, https:\/\/immersiumstudio.com\/wp-content\/uploads\/2024\/09\/icex.png 1600w\" sizes=\"auto, (max-width: 1024px) 100vw, 1024px\" \/><\/figure>\n\n\n\n<p>Immersium Studio S.L. ha participat en el Programa d&#8217;Iniciaci\u00f3 a l&#8217;Exportaci\u00f3 ICEX-Next, i ha comptat amb el recol\u00e7ament d&#8217;ICEX, aix\u00ed com amb la cofinanciaci\u00f3 de Fons europeus FEDER, amb contribuci\u00f3 segons la mesura dels mateixos, al creixement econ\u00f2mic d&#8217;aquesta empresa, la seva regi\u00f3 i d&#8217;Espanya en el seu conjunt.<\/p>\n\n\n\n<div style=\"height:134px\" aria-hidden=\"true\" class=\"wp-block-spacer\"><\/div>\n","protected":false},"excerpt":{"rendered":"<p>La for\u00e7a d&#8217;una companyia o instituci\u00f3 educativa s\u00f3n els seus treballadors\/estudiants. Millora les seves compet\u00e8ncies, habilitats i experi\u00e8ncia d&#8217;una forma vivencial amb les nostres experi\u00e8ncies immersivas en Realitat Virtual. Els permetr\u00e0 experimentar situacions en les que es trobaran en el seu desenvolupament professional, prendre decisions i equivocar-se, sense por a consequ\u00e8ncies en el m\u00f3n real. [&hellip;]<\/p>\n","protected":false},"author":1,"featured_media":0,"parent":0,"menu_order":7,"comment_status":"closed","ping_status":"closed","template":"","meta":{"_seopress_robots_primary_cat":"","_seopress_titles_title":"","_seopress_titles_desc":"Aprenentatge immersiu. La for\u00e7a d&#039;una companyia o instituci\u00f3 educativa s\u00f3n els seus treballadors\/estudiants. Millora les seves compet\u00e8ncies, habilitats i experi\u00e8ncia d&#039;una forma vivencial amb les nostres experi\u00e8ncies immersivas en Realitat Virtual.","_seopress_robots_index":"","footnotes":""},"class_list":["post-9","page","type-page","status-publish","hentry"],"_links":{"self":[{"href":"https:\/\/immersiumstudio.com\/ca\/wp-json\/wp\/v2\/pages\/9","targetHints":{"allow":["GET"]}}],"collection":[{"href":"https:\/\/immersiumstudio.com\/ca\/wp-json\/wp\/v2\/pages"}],"about":[{"href":"https:\/\/immersiumstudio.com\/ca\/wp-json\/wp\/v2\/types\/page"}],"author":[{"embeddable":true,"href":"https:\/\/immersiumstudio.com\/ca\/wp-json\/wp\/v2\/users\/1"}],"replies":[{"embeddable":true,"href":"https:\/\/immersiumstudio.com\/ca\/wp-json\/wp\/v2\/comments?post=9"}],"version-history":[{"count":0,"href":"https:\/\/immersiumstudio.com\/ca\/wp-json\/wp\/v2\/pages\/9\/revisions"}],"wp:attachment":[{"href":"https:\/\/immersiumstudio.com\/ca\/wp-json\/wp\/v2\/media?parent=9"}],"curies":[{"name":"wp","href":"https:\/\/api.w.org\/{rel}","templated":true}]}}