{"id":844,"date":"2021-11-19T21:31:39","date_gmt":"2021-11-19T19:31:39","guid":{"rendered":"https:\/\/immersiumstudio.com\/aprenentatge-inmersiu\/"},"modified":"2026-01-30T18:11:33","modified_gmt":"2026-01-30T16:11:33","slug":"aprenentatge-inmersiu","status":"publish","type":"page","link":"https:\/\/immersiumstudio.com\/ca\/aprenentatge-inmersiu\/","title":{"rendered":"Aprenentatge immersiu"},"content":{"rendered":"<h2>\u00bfQu\u00e8 \u00e9s l&#8217;aprenentatge immersiu?<\/h2>\n<p>L&#8217;aprenentatge immersiu \u00e9s una potent eina per traslladar a les persones a contextos d&#8217;aprenentatge rellevants en els que aprenen, prenen decisions i posen en pr\u00e0ctica tant&nbsp; <em><strong>soft<\/strong><\/em> com <em><strong>hard skills<\/strong><\/em>. Aix\u00ed es complementen processos formatius oferint&nbsp; una<strong> experi\u00e8ncia vivencial<\/strong> i altament realista a les persones que es formen a trav\u00e9s de l&#8217;<em><strong>Active Learning<\/strong><\/em>. Aix\u00f2 els permet practicar i millorar las seves habilitats, equivocar-se, aprendre i guanyar confian\u00e7a per quan s&#8217;enfrontin a aquelles&nbsp; situacions en la vida real.<\/p>\n\n\n<p class=\"has-large-font-size\"><\/p>\n\n\n\n<figure class=\"wp-block-gallery has-nested-images columns-default is-cropped alignwide wp-block-gallery-1 is-layout-flex wp-block-gallery-is-layout-flex\">\n<figure class=\"wp-block-image size-large\"><a href=\"https:\/\/immersiumstudio.com\/wp-content\/uploads\/2022\/06\/fotorv11.jpg\"><img loading=\"lazy\" decoding=\"async\" width=\"1080\" height=\"1080\" data-id=\"1279\" src=\"https:\/\/immersiumstudio.com\/wp-content\/uploads\/2022\/06\/fotorv11.jpg\" alt=\"\" class=\"wp-image-1279\" srcset=\"https:\/\/immersiumstudio.com\/wp-content\/uploads\/2022\/06\/fotorv11.jpg 1080w, https:\/\/immersiumstudio.com\/wp-content\/uploads\/2022\/06\/fotorv11-300x300.jpg 300w, https:\/\/immersiumstudio.com\/wp-content\/uploads\/2022\/06\/fotorv11-1024x1024.jpg 1024w, https:\/\/immersiumstudio.com\/wp-content\/uploads\/2022\/06\/fotorv11-150x150.jpg 150w, https:\/\/immersiumstudio.com\/wp-content\/uploads\/2022\/06\/fotorv11-768x768.jpg 768w\" sizes=\"auto, (max-width: 1080px) 100vw, 1080px\" \/><\/a><\/figure>\n\n\n\n<figure class=\"wp-block-image size-large\"><a href=\"https:\/\/immersiumstudio.com\/wp-content\/uploads\/2022\/05\/immersium-poster.jpg\"><img loading=\"lazy\" decoding=\"async\" width=\"1920\" height=\"1781\" data-id=\"1156\" src=\"https:\/\/immersiumstudio.com\/wp-content\/uploads\/2022\/05\/immersium-poster.jpg\" alt=\"\" class=\"wp-image-1156\" srcset=\"https:\/\/immersiumstudio.com\/wp-content\/uploads\/2022\/05\/immersium-poster.jpg 1920w, https:\/\/immersiumstudio.com\/wp-content\/uploads\/2022\/05\/immersium-poster-300x278.jpg 300w, https:\/\/immersiumstudio.com\/wp-content\/uploads\/2022\/05\/immersium-poster-1024x950.jpg 1024w, https:\/\/immersiumstudio.com\/wp-content\/uploads\/2022\/05\/immersium-poster-768x712.jpg 768w, https:\/\/immersiumstudio.com\/wp-content\/uploads\/2022\/05\/immersium-poster-1536x1425.jpg 1536w\" sizes=\"auto, (max-width: 1920px) 100vw, 1920px\" \/><\/a><\/figure>\n<\/figure>\n\n\n\n<figure class=\"wp-block-gallery has-nested-images columns-default is-cropped wp-block-gallery-2 is-layout-flex wp-block-gallery-is-layout-flex\">\n<figure class=\"wp-block-image size-large\"><img loading=\"lazy\" decoding=\"async\" width=\"1920\" height=\"1057\" data-id=\"1080\" src=\"https:\/\/immersiumstudio.com\/wp-content\/uploads\/2022\/04\/captura-de-pantalla-306.png\" alt=\"\" class=\"wp-image-1080\" srcset=\"https:\/\/immersiumstudio.com\/wp-content\/uploads\/2022\/04\/captura-de-pantalla-306.png 1920w, https:\/\/immersiumstudio.com\/wp-content\/uploads\/2022\/04\/captura-de-pantalla-306-300x165.png 300w, https:\/\/immersiumstudio.com\/wp-content\/uploads\/2022\/04\/captura-de-pantalla-306-1024x564.png 1024w, https:\/\/immersiumstudio.com\/wp-content\/uploads\/2022\/04\/captura-de-pantalla-306-768x423.png 768w, https:\/\/immersiumstudio.com\/wp-content\/uploads\/2022\/04\/captura-de-pantalla-306-1536x846.png 1536w\" sizes=\"auto, (max-width: 1920px) 100vw, 1920px\" \/><\/figure>\n\n\n\n<figure class=\"wp-block-image size-large\"><img loading=\"lazy\" decoding=\"async\" width=\"1920\" height=\"933\" data-id=\"828\" src=\"https:\/\/immersiumstudio.com\/wp-content\/uploads\/2022\/02\/metaverso.png\" alt=\"metaverso\" class=\"wp-image-828\" srcset=\"https:\/\/immersiumstudio.com\/wp-content\/uploads\/2022\/02\/metaverso.png 1920w, https:\/\/immersiumstudio.com\/wp-content\/uploads\/2022\/02\/metaverso-300x146.png 300w, https:\/\/immersiumstudio.com\/wp-content\/uploads\/2022\/02\/metaverso-1024x498.png 1024w, https:\/\/immersiumstudio.com\/wp-content\/uploads\/2022\/02\/metaverso-768x373.png 768w, https:\/\/immersiumstudio.com\/wp-content\/uploads\/2022\/02\/metaverso-1536x746.png 1536w\" sizes=\"auto, (max-width: 1920px) 100vw, 1920px\" \/><\/figure>\n\n\n\n<figure class=\"wp-block-image size-large\"><img loading=\"lazy\" decoding=\"async\" width=\"468\" height=\"312\" data-id=\"555\" src=\"https:\/\/immersiumstudio.com\/wp-content\/uploads\/2022\/02\/united-nations-a-story-of-transformational-change-for-sustainable-development-2.jpeg\" alt=\"United Nations - A Story of Transformational Change for Sustainable Development\" class=\"wp-image-555\" srcset=\"https:\/\/immersiumstudio.com\/wp-content\/uploads\/2022\/02\/united-nations-a-story-of-transformational-change-for-sustainable-development-2.jpeg 468w, https:\/\/immersiumstudio.com\/wp-content\/uploads\/2022\/02\/united-nations-a-story-of-transformational-change-for-sustainable-development-2-300x200.jpeg 300w\" sizes=\"auto, (max-width: 468px) 100vw, 468px\" \/><\/figure>\n<\/figure>\n\n\n\n<figure class=\"wp-block-gallery has-nested-images columns-default is-cropped wp-block-gallery-3 is-layout-flex wp-block-gallery-is-layout-flex\">\n<figure class=\"wp-block-image size-large\"><img loading=\"lazy\" decoding=\"async\" width=\"1236\" height=\"658\" data-id=\"1283\" src=\"https:\/\/immersiumstudio.com\/wp-content\/uploads\/2022\/06\/comunicacion.png\" alt=\"\" class=\"wp-image-1283\" srcset=\"https:\/\/immersiumstudio.com\/wp-content\/uploads\/2022\/06\/comunicacion.png 1236w, https:\/\/immersiumstudio.com\/wp-content\/uploads\/2022\/06\/comunicacion-300x160.png 300w, https:\/\/immersiumstudio.com\/wp-content\/uploads\/2022\/06\/comunicacion-1024x545.png 1024w, https:\/\/immersiumstudio.com\/wp-content\/uploads\/2022\/06\/comunicacion-768x409.png 768w\" sizes=\"auto, (max-width: 1236px) 100vw, 1236px\" \/><\/figure>\n\n\n\n<figure class=\"wp-block-image size-large\"><img loading=\"lazy\" decoding=\"async\" width=\"700\" height=\"297\" data-id=\"822\" src=\"https:\/\/immersiumstudio.com\/wp-content\/uploads\/2022\/02\/formacion-metaverso.png\" alt=\"formacion metaverso\" class=\"wp-image-822\" srcset=\"https:\/\/immersiumstudio.com\/wp-content\/uploads\/2022\/02\/formacion-metaverso.png 700w, https:\/\/immersiumstudio.com\/wp-content\/uploads\/2022\/02\/formacion-metaverso-300x127.png 300w\" sizes=\"auto, (max-width: 700px) 100vw, 700px\" \/><\/figure>\n\n\n\n<figure class=\"wp-block-image size-large\"><img loading=\"lazy\" decoding=\"async\" width=\"1920\" height=\"1080\" data-id=\"529\" src=\"https:\/\/immersiumstudio.com\/wp-content\/uploads\/2022\/02\/family-approach-vr-3.png\" alt=\"Family Approach VR\" class=\"wp-image-529\" srcset=\"https:\/\/immersiumstudio.com\/wp-content\/uploads\/2022\/02\/family-approach-vr-3.png 1920w, https:\/\/immersiumstudio.com\/wp-content\/uploads\/2022\/02\/family-approach-vr-3-300x169.png 300w, https:\/\/immersiumstudio.com\/wp-content\/uploads\/2022\/02\/family-approach-vr-3-1024x576.png 1024w, https:\/\/immersiumstudio.com\/wp-content\/uploads\/2022\/02\/family-approach-vr-3-768x432.png 768w, https:\/\/immersiumstudio.com\/wp-content\/uploads\/2022\/02\/family-approach-vr-3-1536x864.png 1536w\" sizes=\"auto, (max-width: 1920px) 100vw, 1920px\" \/><\/figure>\n<\/figure>\n\n\n\n<div style=\"height:52px\" aria-hidden=\"true\" class=\"wp-block-spacer\"><\/div>\n\n\n\n<p>Dissenyem les nostres experi\u00e8ncies immersives tant per ulleres de Realitat Virtual standalone com per ulleres cardboard que funcionen amb un dispositiu m\u00f2bil. Tamb\u00e9 produ\u00efm experi\u00e8ncies immersives sense necessitat d&#8217;ulleres, mitjan\u00e7ant v\u00eddeo en 360\u00ba.&nbsp;<\/p>\n\n\n\n<figure class=\"wp-block-gallery has-nested-images columns-default is-cropped wp-block-gallery-4 is-layout-flex wp-block-gallery-is-layout-flex\">\n<figure class=\"wp-block-image size-large\"><img loading=\"lazy\" decoding=\"async\" width=\"1351\" height=\"904\" data-id=\"1342\" src=\"https:\/\/immersiumstudio.com\/wp-content\/uploads\/2022\/06\/imagenes-7.png\" alt=\"\" class=\"wp-image-1342\" srcset=\"https:\/\/immersiumstudio.com\/wp-content\/uploads\/2022\/06\/imagenes-7.png 1351w, https:\/\/immersiumstudio.com\/wp-content\/uploads\/2022\/06\/imagenes-7-300x201.png 300w, https:\/\/immersiumstudio.com\/wp-content\/uploads\/2022\/06\/imagenes-7-1024x685.png 1024w, https:\/\/immersiumstudio.com\/wp-content\/uploads\/2022\/06\/imagenes-7-768x514.png 768w\" sizes=\"auto, (max-width: 1351px) 100vw, 1351px\" \/><\/figure>\n\n\n\n<figure class=\"wp-block-image size-large\"><img loading=\"lazy\" decoding=\"async\" width=\"1351\" height=\"904\" data-id=\"1345\" src=\"https:\/\/immersiumstudio.com\/wp-content\/uploads\/2022\/06\/imagenes-6.png\" alt=\"\" class=\"wp-image-1345\" srcset=\"https:\/\/immersiumstudio.com\/wp-content\/uploads\/2022\/06\/imagenes-6.png 1351w, https:\/\/immersiumstudio.com\/wp-content\/uploads\/2022\/06\/imagenes-6-300x201.png 300w, https:\/\/immersiumstudio.com\/wp-content\/uploads\/2022\/06\/imagenes-6-1024x685.png 1024w, https:\/\/immersiumstudio.com\/wp-content\/uploads\/2022\/06\/imagenes-6-768x514.png 768w\" sizes=\"auto, (max-width: 1351px) 100vw, 1351px\" \/><\/figure>\n<\/figure>\n\n\n\n<div style=\"height:30px\" aria-hidden=\"true\" class=\"wp-block-spacer\"><\/div>\n\n\n\t<div class=\"projects-block\">\n\t\t<div class=\"container\">\n\t\t\t\t\t\t\t<h3 class=\"projects-block_title section-title\">Projectes d&#8217;aprenentatge immersiu<\/h3>\n\t\t\t\t\t\t\t\t\t\t<div class=\"projects-block_description\">\n\t\t\t\t\t<p>L&#8217;aprenentatge immersiu et permet experimentar d&#8217;una manera vivencial experi\u00e8ncies dif\u00edcils de viure en la vida real, com per exemple aprenentatges amb pacients, familiars o material cl\u00ednic en el sector de la salut, enfrentar-se a un superior en situacions corporatives o visitar espais i documents hist\u00f2rics que d&#8217;una altra manera no seria possible.<\/p>\n\t\t\t\t<\/div>\n\t\t\t\t\t\t\n\t\t\t\t\t\t<div class=\"archive_collection-wrapper\">\n\t\t\t\t<div class=\"post-collection project-collection archive_collection\">\n\t\t\t\t\t\t\t\t\t\t\t<article class=\"project-collection_item post-item project-item\">\n\t<div class=\"project-item_inner\">\n\t\t\t\t\t<a href=\"https:\/\/immersiumstudio.com\/ca\/projects\/projecte-soft-skills-per-millorar-lempleabilitat-en-rv\/\" class=\"project-item_link picture-hover\">\n\t\t\t\t\t\t\t<picture class=\"project-item_picture\">\n\t\t\t\t\t<img\n\t\t\t\t\t\t\tsrc=\"https:\/\/immersiumstudio.com\/wp-content\/uploads\/2025\/07\/castellar-500x450-c-default.png\"\n\t\t\t\t\t\t\tsrcset=\"https:\/\/immersiumstudio.com\/wp-content\/uploads\/2025\/07\/castellar-500x450-c-default.png 1x, https:\/\/immersiumstudio.com\/wp-content\/uploads\/2025\/07\/castellar-1000x900-c-default.png 2x\"\n\t\t\t\t\t\t\talt=\"\">\n\t\t\t\t<\/picture>\n\t\t\t\t\t\t<div class=\"project-item_text\">\n\t\t\t\t<h2 class=\"project-item_title\">Projecte Soft Skills per millorar l&#8217;empleabilitat en RV<\/h2>\n\t\t\t\t<div class=\"post-item_categories\">\n\t\t\t\t\t\n\t<ul class=\"terms-list project-categories\">\n\t\t\t\t\t<li class=\"terms-list_item\">\n\t\t\t\t<a class=\"terms-list_link term-link\" href=\"https:\/\/immersiumstudio.com\/ca\/blog\/project-category\/formacio\/\">Formaci\u00f3<\/a>\n\t\t\t<\/li>\n\t\t\t\t\t<li class=\"terms-list_item\">\n\t\t\t\t<a class=\"terms-list_link term-link\" href=\"https:\/\/immersiumstudio.com\/ca\/blog\/project-category\/realitat-virtual\/\">Realitat Virtual<\/a>\n\t\t\t<\/li>\n\t\t\t<\/ul>\n\t\t\t\t<\/div>\n\t\t\t<\/div>\n\t\t<\/a>\n\t<\/div>\n<\/article>\n\t\t\t\t\t\t\t\t\t\t\t<article class=\"project-collection_item post-item project-item\">\n\t<div class=\"project-item_inner\">\n\t\t\t\t\t<a href=\"https:\/\/immersiumstudio.com\/ca\/projects\/projecte-diabetis-tipus-ii\/\" class=\"project-item_link picture-hover\">\n\t\t\t\t\t\t\t<picture class=\"project-item_picture\">\n\t\t\t\t\t<img\n\t\t\t\t\t\t\tsrc=\"https:\/\/immersiumstudio.com\/wp-content\/uploads\/2025\/04\/instagram-500x450-c-default.png\"\n\t\t\t\t\t\t\tsrcset=\"https:\/\/immersiumstudio.com\/wp-content\/uploads\/2025\/04\/instagram-500x450-c-default.png 1x, https:\/\/immersiumstudio.com\/wp-content\/uploads\/2025\/04\/instagram-1000x900-c-default.png 2x\"\n\t\t\t\t\t\t\talt=\"\">\n\t\t\t\t<\/picture>\n\t\t\t\t\t\t<div class=\"project-item_text\">\n\t\t\t\t<h2 class=\"project-item_title\">Projecte Diabetis tipus II<\/h2>\n\t\t\t\t<div class=\"post-item_categories\">\n\t\t\t\t\t\n\t<ul class=\"terms-list project-categories\">\n\t\t\t\t\t<li class=\"terms-list_item\">\n\t\t\t\t<a class=\"terms-list_link term-link\" href=\"https:\/\/immersiumstudio.com\/ca\/blog\/project-category\/formacio\/\">Formaci\u00f3<\/a>\n\t\t\t<\/li>\n\t\t\t\t\t<li class=\"terms-list_item\">\n\t\t\t\t<a class=\"terms-list_link term-link\" href=\"https:\/\/immersiumstudio.com\/ca\/blog\/project-category\/realitat-virtual\/\">Realitat Virtual<\/a>\n\t\t\t<\/li>\n\t\t\t<\/ul>\n\t\t\t\t<\/div>\n\t\t\t<\/div>\n\t\t<\/a>\n\t<\/div>\n<\/article>\n\t\t\t\t\t\t\t\t\t\t\t<article class=\"project-collection_item post-item project-item\">\n\t<div class=\"project-item_inner\">\n\t\t\t\t\t<a href=\"https:\/\/immersiumstudio.com\/ca\/projects\/projecte-departament-de-justicia-continguts-immersius-per-a-intervencio-terapeutica\/\" class=\"project-item_link picture-hover\">\n\t\t\t\t\t\t\t<picture class=\"project-item_picture\">\n\t\t\t\t\t<img\n\t\t\t\t\t\t\tsrc=\"https:\/\/immersiumstudio.com\/wp-content\/uploads\/2026\/01\/dept-justicia-500x450-c-default.png\"\n\t\t\t\t\t\t\tsrcset=\"https:\/\/immersiumstudio.com\/wp-content\/uploads\/2026\/01\/dept-justicia-500x450-c-default.png 1x, https:\/\/immersiumstudio.com\/wp-content\/uploads\/2026\/01\/dept-justicia-1000x900-c-default.png 2x\"\n\t\t\t\t\t\t\talt=\"\">\n\t\t\t\t<\/picture>\n\t\t\t\t\t\t<div class=\"project-item_text\">\n\t\t\t\t<h2 class=\"project-item_title\">Projecte Departament de Just\u00edcia &#8211; Continguts immersius per a intervenci\u00f3 terap\u00e8utica<\/h2>\n\t\t\t\t<div class=\"post-item_categories\">\n\t\t\t\t\t\n\t\t\t\t<\/div>\n\t\t\t<\/div>\n\t\t<\/a>\n\t<\/div>\n<\/article>\n\t\t\t\t\t\t\t\t\t<\/div>\n\t\t\t<\/div>\n\t\t\t\t\t<\/div>\n\t<\/div>\n","protected":false},"excerpt":{"rendered":"<p>\u00bfQu\u00e8 \u00e9s l&#8217;aprenentatge immersiu? L&#8217;aprenentatge immersiu \u00e9s una potent eina per traslladar a les persones a contextos d&#8217;aprenentatge rellevants en els que aprenen, prenen decisions i posen en pr\u00e0ctica tant&nbsp; soft com hard skills. Aix\u00ed es complementen processos formatius oferint&nbsp; una experi\u00e8ncia vivencial i altament realista a les persones que es formen a trav\u00e9s de [&hellip;]<\/p>\n","protected":false},"author":1,"featured_media":1176,"parent":0,"menu_order":10,"comment_status":"closed","ping_status":"closed","template":"","meta":{"_seopress_robots_primary_cat":"","_seopress_titles_title":"","_seopress_titles_desc":"","_seopress_robots_index":"","footnotes":""},"class_list":["post-844","page","type-page","status-publish","has-post-thumbnail","hentry"],"_links":{"self":[{"href":"https:\/\/immersiumstudio.com\/ca\/wp-json\/wp\/v2\/pages\/844","targetHints":{"allow":["GET"]}}],"collection":[{"href":"https:\/\/immersiumstudio.com\/ca\/wp-json\/wp\/v2\/pages"}],"about":[{"href":"https:\/\/immersiumstudio.com\/ca\/wp-json\/wp\/v2\/types\/page"}],"author":[{"embeddable":true,"href":"https:\/\/immersiumstudio.com\/ca\/wp-json\/wp\/v2\/users\/1"}],"replies":[{"embeddable":true,"href":"https:\/\/immersiumstudio.com\/ca\/wp-json\/wp\/v2\/comments?post=844"}],"version-history":[{"count":0,"href":"https:\/\/immersiumstudio.com\/ca\/wp-json\/wp\/v2\/pages\/844\/revisions"}],"wp:featuredmedia":[{"embeddable":true,"href":"https:\/\/immersiumstudio.com\/ca\/wp-json\/wp\/v2\/media\/1176"}],"wp:attachment":[{"href":"https:\/\/immersiumstudio.com\/ca\/wp-json\/wp\/v2\/media?parent=844"}],"curies":[{"name":"wp","href":"https:\/\/api.w.org\/{rel}","templated":true}]}}