{"id":1615,"date":"2021-11-10T11:19:08","date_gmt":"2021-11-10T09:19:08","guid":{"rendered":"https:\/\/immersiumstudio.com\/politica-de-cookies\/"},"modified":"2022-07-08T12:55:50","modified_gmt":"2022-07-08T10:55:50","slug":"politica-de-cookies","status":"publish","type":"page","link":"https:\/\/immersiumstudio.com\/ca\/politica-de-cookies\/","title":{"rendered":"Pol\u00edtica de cookies"},"content":{"rendered":"\n<p>A la web <a href=\"https:\/\/www.immersiumstudio.com\">https:\/\/www.immersiumstudio.com<\/a> utilitzem cookies per facilitar la relaci\u00f3 dels visitants amb el nostre contingut i per permetre elaborar estad\u00edstiques sobre les visites que rebem.<\/p>\n\n\n\n<p>En compliment de la Directiva 2009\/136\/CE, desenvolupada en el nostre ordenament per l&#8217;apartat segon de l&#8217;article 22 de la Llei de Serveis de Societat de la Informaci\u00f3, seguint les directrius de l&#8217;Ag\u00e8ncia Espanyola de Protecci\u00f3 de Dades, us informarem detalladament del \u00fas que es realitza a la nostra web. S&#8217;anomenen cookies a uns petits arxius que es graven al navegador utilitzat per cada visitant de la nostra web perqu\u00e8 el servidor pugui recordar la visita d&#8217;aquest usuari amb posterioritat quan torni a accedir als nostres continguts. Aquesta informaci\u00f3 no revela la seva identitat, ni dada personal, ni accedeix al contingut emmagatzemat al seu pc, per\u00f2 s\u00ed que permet al nostre sistema identificar-vos com un usuari determinat que ja va visitar la web amb anterioritat, va visualitzar determinades p\u00e0gines, etc. i a m\u00e9s permet guardar les seves prefer\u00e8ncies personals i informaci\u00f3 t\u00e8cnica com ara les visites realitzades o p\u00e0gines concretes que visiti.<\/p>\n\n\n\n<p><\/p>\n\n\n\n<p>La finalitat de les galetes \u00e9s la de facilitar a l&#8217;Usuari un acc\u00e9s m\u00e9s r\u00e0pid als Serveis seleccionats.<\/p>\n\n\n\n<p><\/p>\n\n\n\n<p>Si no desitja que es guardin cookies al seu navegador o prefereix rebre una informaci\u00f3 cada vegada que una galeta sol\u00b7liciti instal\u00b7lar-se, podeu configurar les vostres opcions de navegaci\u00f3 perqu\u00e8 es faci d&#8217;aquesta manera. La major part dels navegadors permeten la gesti\u00f3 de les galetes de 3 formes diferents:<\/p>\n\n\n\n<p><\/p>\n\n\n\n<ul class=\"wp-block-list\"><li>Las cookies s\u00f3n sempre rebutjades;<\/li><li>El navegador pregunta si l&#8217;usuari desitja instal.lar cada cookie;<\/li><li>Les cookies s\u00f3n sempre acceptades;<\/li><\/ul>\n\n\n\n<p>El vostre navegador tamb\u00e9 pot incloure la possibilitat de seleccionar amb detall les cookies que voleu que s&#8217;instal\u00b7lin al vostre ordinador. En concret, l&#8217;usuari pot normalment acceptar alguna de les opcions seg\u00fcents:<\/p>\n\n\n\n<p><\/p>\n\n\n\n<ul class=\"wp-block-list\"><li>Rebutjar les galetes de determinats dominis;<\/li><li>Rebutjar les galetes de tercers;<\/li><li>Acceptar cookies com a no persistents (s&#8217;eliminen quan el navegador es tanca);<\/li><li>Permetre al servidor crear galetes per a un domini diferent<\/li><\/ul>\n\n\n\n<p><strong>Per permetre, con\u00e8ixer, bloquejar o eliminar les cookies instal\u00b7lades al vostre equip podeu fer-ho mitjan\u00e7ant la configuraci\u00f3 de les opcions del navegador instal\u00b7lat al vostre ordinador.<\/strong><\/p>\n\n\n\n<p><\/p>\n\n\n\n<p>Podeu trobar informaci\u00f3 sobre com configurar els navegadors m\u00e9s utilitzats en les seg\u00fcents ubicacions:<\/p>\n\n\n\n<ul class=\"wp-block-list\"><li><strong>Internet Explorer<\/strong>: Eines -> Opcions d&#8217;Internet\u00a0-> Privacitat\u00a0-> Configuraci\u00f3. Per m\u00e9s informaci\u00f3, pot consultar el\u00a0<a rel=\"noreferrer noopener\" href=\"http:\/\/windows.microsoft.com\/es-ES\/windows\/support\" target=\"_blank\">soport de Microsoft<\/a>\u00a0o la Ajuda del navegador.<\/li><li><strong>Firefox<\/strong>: Eines\u00a0-> Opcions\u00a0-> Privacitat\u00a0-> Historial\u00a0-> Configuraci\u00f3 Personalitzada. Per m\u00e9s informaci\u00f3, pot consultar el\u00a0<a rel=\"noreferrer noopener\" href=\"http:\/\/support.mozilla.org\/es\/home\" target=\"_blank\">soport de Mozilla<\/a>\u00a0o la Ajuda del navegador.<\/li><li><strong>Chrome<\/strong>: Configuraci\u00f3\u00a0-> Mostrar opcions avanzades\u00a0-> Privacitat\u00a0-> Configuraci\u00f3 del contingut. Per m\u00e9s informaci\u00f3, pot consultar el\u00a0<a rel=\"noreferrer noopener\" href=\"http:\/\/support.google.com\/chrome\/?hl=es\" target=\"_blank\">soporte de Google<\/a>\u00a0o la Ajuda del navegador.<\/li><li><strong>Safari<\/strong>: Prefer\u00e8ncies\u00a0-> Seguretat. Per m\u00e9s informaci\u00f3, pot consultar el\u00a0<a rel=\"noreferrer noopener\" href=\"http:\/\/www.apple.com\/es\/support\/safari\/\" target=\"_blank\">soport d&#8217;Apple<\/a>\u00a0o la Ajuda del navegador.<\/li><\/ul>\n\n\n\n<p>Respecte de les cookies de tercers, \u00e9s a dir aquelles que s\u00f3n alienes al nostre lloc web, no podem fer-nos responsables del contingut i veracitat de les pol\u00edtiques de privacitat que ells inclouen per que la informaci\u00f3 que us oferim \u00e9s sempre amb refer\u00e8ncia a la font.<\/p>\n\n\n\n<p><\/p>\n\n\n\n<p>A continuaci\u00f3 us informem detalladament de les cookies que es poden instal\u00b7lar des del nostre lloc web. En funci\u00f3 de la vostra navegaci\u00f3 podreu instal\u00b7lar-ne totes o nom\u00e9s algunes.<\/p>\n\n\n\n<p><\/p>\n\n\n\n<figure class=\"wp-block-table\"><table><tbody><tr><td>Nom<\/td><td>Categoria<\/td><td>Descripci\u00f3<\/td><td>Propiedad<\/td><td>Duraci\u00f3n<\/td><\/tr><tr><td>wordpress_<\/td><td>An\u00e0lisi<\/td><td>S&#8217;activa durant el login i guarda els  detalls d&#8217;autentificaci\u00f3<\/td><td>Pr\u00f2pia<\/td><td>1 any<\/td><\/tr><tr><td>wordpress_logged_in_<\/td><td>An\u00e0lisi<\/td><td>S&#8217;activa durant el login i guarda els  detalls d&#8217;autentificaci\u00f3<\/td><td>Pr\u00f2pia<\/td><td>1 any<\/td><\/tr><tr><td>wordpress_test_cookie<\/td><td>An\u00e0lisi<\/td><td>S&#8217;activa durant el login i guarda els  detalls d&#8217;autentificaci\u00f3<\/td><td>Pr\u00f2pia<\/td><td>1 any<\/td><\/tr><tr><td>wp-settings-<\/td><td>An\u00e0lisi<\/td><td>Serveix per personalitzar la Interfase d&#8217;Usuari<\/td><td>Pr\u00f2pia<\/td><td>1 any<\/td><\/tr><tr><td>wp-settings-time-<\/td><td>An\u00e0lisi<\/td><td>Serveix per personalitzar la Interfase d&#8217;Usuari<\/td><td>Pr\u00f2pia<\/td><td>Finalitzaci\u00f3 de la sessi\u00f3<\/td><\/tr><tr><td>_icl_current_admin_language_d41d8cd98f00b204e9800998ecf8427e<\/td><td>An\u00e0lisi<\/td><td>Desconeixem l&#8217;origen de la cookie<\/td><td>Tercers<\/td><td>Desconeixem l&#8217;origen de la cookie<\/td><\/tr><tr><td>wfwaf-authcookie-e1ed8295faf2a4364638ee0495ae0b76<\/td><td>An\u00e0lisi<\/td><td>Desconeixem l&#8217;origen de la cookie<\/td><td>Tercers<\/td><td>Desconeixem l&#8217;origen de la cookie<\/td><\/tr><tr><td>_icl_current_language<\/td><td>An\u00e0lisi<\/td><td>Desconeixem l&#8217;origen de la cookie<\/td><td>Terceros<\/td><td>Desconeixem l&#8217;origen de la cookie<\/td><\/tr><\/tbody><\/table><\/figure>\n\n\n\n<p>Es pot modificar aquesta Pol\u00edtica de Cookies en funci\u00f3 d&#8217;exig\u00e8ncies legislatives, reglament\u00e0ries, o amb la finalitat d&#8217;adaptar aquesta pol\u00edtica a les instruccions dictades per l&#8217;Ag\u00e8ncia Espanyola de Protecci\u00f3 de Dades, per aix\u00f2 s&#8217;aconsella als usuaris que la visitin peri\u00f2dicament.<\/p>\n\n\n\n<p><\/p>\n\n\n\n<p>Quan es produeixin canvis significatius en aquesta Pol\u00edtica de Cookies, es comunicaran als Usuaris b\u00e9 mitjan\u00e7ant la web o mitjan\u00e7ant correu electr\u00f2nic als Usuaris registrats.<\/p>\n\n\n\n<p><\/p>\n","protected":false},"excerpt":{"rendered":"<p>A la web https:\/\/www.immersiumstudio.com utilitzem cookies per facilitar la relaci\u00f3 dels visitants amb el nostre contingut i per permetre elaborar estad\u00edstiques sobre les visites que rebem. En compliment de la Directiva 2009\/136\/CE, desenvolupada en el nostre ordenament per l&#8217;apartat segon de l&#8217;article 22 de la Llei de Serveis de Societat de la Informaci\u00f3, seguint les [&hellip;]<\/p>\n","protected":false},"author":1,"featured_media":0,"parent":0,"menu_order":30,"comment_status":"closed","ping_status":"closed","template":"","meta":{"_seopress_robots_primary_cat":"","_seopress_titles_title":"","_seopress_titles_desc":"","_seopress_robots_index":"","footnotes":""},"class_list":["post-1615","page","type-page","status-publish","hentry"],"_links":{"self":[{"href":"https:\/\/immersiumstudio.com\/ca\/wp-json\/wp\/v2\/pages\/1615","targetHints":{"allow":["GET"]}}],"collection":[{"href":"https:\/\/immersiumstudio.com\/ca\/wp-json\/wp\/v2\/pages"}],"about":[{"href":"https:\/\/immersiumstudio.com\/ca\/wp-json\/wp\/v2\/types\/page"}],"author":[{"embeddable":true,"href":"https:\/\/immersiumstudio.com\/ca\/wp-json\/wp\/v2\/users\/1"}],"replies":[{"embeddable":true,"href":"https:\/\/immersiumstudio.com\/ca\/wp-json\/wp\/v2\/comments?post=1615"}],"version-history":[{"count":0,"href":"https:\/\/immersiumstudio.com\/ca\/wp-json\/wp\/v2\/pages\/1615\/revisions"}],"wp:attachment":[{"href":"https:\/\/immersiumstudio.com\/ca\/wp-json\/wp\/v2\/media?parent=1615"}],"curies":[{"name":"wp","href":"https:\/\/api.w.org\/{rel}","templated":true}]}}