{"id":1611,"date":"2021-11-10T11:18:13","date_gmt":"2021-11-10T09:18:13","guid":{"rendered":"https:\/\/immersiumstudio.com\/politica-de-privacidad\/"},"modified":"2022-07-08T12:26:36","modified_gmt":"2022-07-08T10:26:36","slug":"politica-de-privacidad","status":"publish","type":"page","link":"https:\/\/immersiumstudio.com\/ca\/politica-de-privacidad\/","title":{"rendered":"Pol\u00edtica de privacitat"},"content":{"rendered":"\n<p>En compliment del que estableix la RGPD, us informem que les vostres dades seran tractades als nostres fitxers, amb la finalitat del manteniment i compliment de la relaci\u00f3 amb la nostra entitat, incloent l&#8217;enviament de comunicacions en el marc de la relaci\u00f3 esmentada.<\/p>\n\n\n\n<p>Aix\u00ed mateix, les seves dades seran cedides en tots aquells casos en qu\u00e8 sigui necessari per al desenvolupament, el compliment i el control de la relaci\u00f3 amb la nostra entitat o en els sup\u00f2sits en qu\u00e8 ho autoritzi una norma amb rang de llei. En compliment de la RGPD podeu exercitar els vostres drets ARCO davant Immersium Studio SL, amb direcci\u00f3 a Av Tibidabo 39, 08035 \u2013 Barcelona, \u200b\u200badjuntant fotoc\u00f2pia del vostre DNI.<\/p>\n\n\n\n<p>El contingut d&#8217;aquesta comunicaci\u00f3, aix\u00ed com el de tota la documentaci\u00f3 annexa, est\u00e0 subjecta al deure de secret i va dirigida \u00fanicament al seu destinatari. En cas que no fos el destinatari, li sol\u00b7licitem que ens ho indiqui i no comuniqui el seu contingut a tercers, procedint a la seva destrucci\u00f3.<\/p>\n\n\n\n<p>El prestador de serveis de la societat de la informaci\u00f3 haur\u00e0 de tenir en compte que, a m\u00e9s de la informaci\u00f3 que faciliti als destinataris del servei a trav\u00e9s de la seva &#8220;Pol\u00edtica de Privacitat&#8221;, haur\u00e0 de disposar de textos legals addicionals relatius a altres normatives de compliment obligat , tals com, sense car\u00e0cter limitatiu o excloent, condicions generals de la contractaci\u00f3, propietat intel\u00b7lectual i industrial, condicions d&#8217;utilitzaci\u00f3 de la p\u00e0gina web i responsabilitats sobre aix\u00f2, o el que la mateixa Llei 34\/2002, d&#8217;11 de juliol, de serveis de la Societat de la Informaci\u00f3 i de Comer\u00e7 Electr\u00f2nic pugui establir en qualsevol altre precepte al marge del seu article 10 o fins i tot completar la informaci\u00f3 que, en relaci\u00f3 amb aquest, sigui necess\u00e0ria.<\/p>\n\n\n\n<p><\/p>\n","protected":false},"excerpt":{"rendered":"<p>En compliment del que estableix la RGPD, us informem que les vostres dades seran tractades als nostres fitxers, amb la finalitat del manteniment i compliment de la relaci\u00f3 amb la nostra entitat, incloent l&#8217;enviament de comunicacions en el marc de la relaci\u00f3 esmentada. Aix\u00ed mateix, les seves dades seran cedides en tots aquells casos en [&hellip;]<\/p>\n","protected":false},"author":1,"featured_media":0,"parent":0,"menu_order":33,"comment_status":"closed","ping_status":"closed","template":"","meta":{"_seopress_robots_primary_cat":"","_seopress_titles_title":"","_seopress_titles_desc":"","_seopress_robots_index":"","footnotes":""},"class_list":["post-1611","page","type-page","status-publish","hentry"],"_links":{"self":[{"href":"https:\/\/immersiumstudio.com\/ca\/wp-json\/wp\/v2\/pages\/1611","targetHints":{"allow":["GET"]}}],"collection":[{"href":"https:\/\/immersiumstudio.com\/ca\/wp-json\/wp\/v2\/pages"}],"about":[{"href":"https:\/\/immersiumstudio.com\/ca\/wp-json\/wp\/v2\/types\/page"}],"author":[{"embeddable":true,"href":"https:\/\/immersiumstudio.com\/ca\/wp-json\/wp\/v2\/users\/1"}],"replies":[{"embeddable":true,"href":"https:\/\/immersiumstudio.com\/ca\/wp-json\/wp\/v2\/comments?post=1611"}],"version-history":[{"count":0,"href":"https:\/\/immersiumstudio.com\/ca\/wp-json\/wp\/v2\/pages\/1611\/revisions"}],"wp:attachment":[{"href":"https:\/\/immersiumstudio.com\/ca\/wp-json\/wp\/v2\/media?parent=1611"}],"curies":[{"name":"wp","href":"https:\/\/api.w.org\/{rel}","templated":true}]}}