{"id":1607,"date":"2021-11-10T11:17:54","date_gmt":"2021-11-10T09:17:54","guid":{"rendered":"https:\/\/immersiumstudio.com\/aviso-legal\/"},"modified":"2022-07-08T12:14:40","modified_gmt":"2022-07-08T10:14:40","slug":"aviso-legal","status":"publish","type":"page","link":"https:\/\/immersiumstudio.com\/ca\/aviso-legal\/","title":{"rendered":"Av\u00eds legal"},"content":{"rendered":"\n<p>El present Av\u00eds Legal regula les condicions generals d&#8217;acc\u00e9s i utilitzaci\u00f3 del lloc web accessible a l&#8217;adre\u00e7a URL https:\/\/immersiumstudio.com (d&#8217;ara endavant, el lloc web), que<strong> Immersium Studio SL<\/strong> posa a disposici\u00f3 dels usuaris d&#8217;Internet.<br>La utilitzaci\u00f3 del lloc web implica l&#8217;acceptaci\u00f3 plena i sense reserves de totes i cadascuna de les disposicions incloses en aquest Av\u00eds Legal. En conseq\u00fc\u00e8ncia, l&#8217;usuari del lloc web ha de llegir atentament aquest Av\u00eds Legal en cadascuna de les ocasions en qu\u00e8 es proposi utilitzar el web, ja que el text podria patir modificacions a criteri del titular del web, o a causa d&#8217;un canvi legislatiu , jurisprudencial o a la pr\u00e0ctica empresarial.<\/p>\n\n\n\n<p><\/p>\n\n\n\n<h2 class=\"wp-block-heading\">1.- TITULARITAT DEL LLOC WEB<\/h2>\n\n\n\n<ul class=\"wp-block-list\"><li><strong>Ra\u00f3 Social de l&#8217;Empresa<\/strong>: Av Tibidabo 39<\/li><li><strong>Nom del titular<\/strong>: Immersium<\/li><li><strong>Domicili social<\/strong>: Av Tibidabo 39<\/li><li><strong>Poblaci\u00f3<\/strong>: Barcelona<\/li><li>Prov\u00edncia: Barcelona<\/li><li><strong>C.P.<\/strong>: 08035<\/li><li><strong>C.I.F.\/D.N.I.<\/strong>: B67220160<\/li><li><strong>Tel\u00e8fon de contacte<\/strong>: +34 616267756<\/li><li><strong>Correu electr\u00f2nic<\/strong>: info@immersiumstudio.com<\/li><li><strong>Dades registrals<\/strong>: Immersium Studio SL. Vol\u00famen\/Tomo 46423 Folio 29 Hoja: 519464 Inscripci\u00f3n: 1<\/li><li><strong>Data d&#8217;inscripci\u00f3<\/strong>: 10 de Maig de 2018<\/li><\/ul>\n\n\n\n<h2 class=\"wp-block-heading\">2.- OBJECTE<\/h2>\n\n\n\n<p>El lloc web facilita als usuaris del mateix l&#8217;acc\u00e9s a informaci\u00f3 i serveis prestats per <strong>Immersium Studio SL <\/strong>a aquelles persones o organitzacions interessades en aquests.<\/p>\n\n\n\n<p><\/p>\n\n\n\n<h2 class=\"wp-block-heading\">3.- ACC\u00c9S I UTILITZACI\u00d3 DE LA WEB<\/h2>\n\n\n\n<p>3.1.- Car\u00e0cter gratu\u00eft de l&#8217;acc\u00e9s i la utilitzaci\u00f3 de la web. <\/p>\n\n\n\n<p>L&#8217;acc\u00e9s a la web t\u00e9 car\u00e0cter gratu\u00eft per als usuaris de la web.<br>3.2.- Registre d&#8217;usuaris.<br>Amb car\u00e0cter general l&#8217;acc\u00e9s i la utilitzaci\u00f3 de la web no exigeix \u200b\u200bla pr\u00e8via subscripci\u00f3 o registre dels usuaris de la web.<\/p>\n\n\n\n<p><\/p>\n\n\n\n<h2 class=\"wp-block-heading\">4.- CONTINGUTS DE LA WEB<\/h2>\n\n\n\n<p>L&#8217;idioma utilitzat pel titular a la web ser\u00e0 el castell\u00e0.<strong> Immersium Studio SL <\/strong>no es responsabilitza de la no comprensi\u00f3 o entesa de l&#8217;idioma de la web per l&#8217;usuari, ni de les conseq\u00fc\u00e8ncies.<br><strong>Immersium Studio SL<\/strong> podr\u00e0 modificar els continguts sense previ av\u00eds, aix\u00ed com suprimir i canviar aquests dins de la web, com la forma en qu\u00e8 s&#8217;accedeix a aquests, sense cap justificaci\u00f3 i lliurement, no responsabilitzant-se de les conseq\u00fc\u00e8ncies que aquests puguin ocasionar als usuaris.<\/p>\n\n\n\n<p>Es prohibeix l&#8217;\u00fas dels continguts de la web per promocionar, contractar o divulgar publicitat o informaci\u00f3 pr\u00f2pia o de terceres persones sense l&#8217;autoritzaci\u00f3 d&#8217;<strong>Immersium Studio SL<\/strong>, ni remetre publicitat o informaci\u00f3 fent servir els serveis o informaci\u00f3 que es posen a disposici\u00f3 dels usuaris, independentment de si la utilitzaci\u00f3 \u00e9s gratu\u00efta o no.<\/p>\n\n\n\n<p>Els enlla\u00e7os o hiperenlla\u00e7os que incorporin tercers a les seves p\u00e0gines web, dirigits a aquesta web, seran per a l&#8217;obertura de la p\u00e0gina web completa, no podent manifestar, directament o indirectament, indicacions falses, inexactes o confuses, ni inc\u00f3rrer en accions deslleials o il\u00b7l\u00edcites en contra <strong>Immersium Studio SL<\/strong>.<\/p>\n\n\n\n<p><\/p>\n\n\n\n<h2 class=\"wp-block-heading\">5.- LIMITACI\u00d3 DE RESPONSABILITAT<\/h2>\n\n\n\n<p>Tant l&#8217;acc\u00e9s a la web com l&#8217;\u00fas inconsentit que es pugui efectuar de la informaci\u00f3 que cont\u00e9 \u00e9s de l&#8217;exclusiva responsabilitat de qui el realitza. <strong>Immersium Studio SL<\/strong> no respondr\u00e0 de cap conseq\u00fc\u00e8ncia, dany o perjudici que poguessin derivar-se del dit acc\u00e9s o \u00fas. <strong>Immersium Studio SL<\/strong> no es fa responsable dels errors de seguretat, que es puguin produir ni dels danys que puguin causar-se al sistema inform\u00e0tic de l&#8217;usuari (hardware i software), o als fitxers o documents emmagatzemats en aquest, com a conseq\u00fc\u00e8ncia de:<\/p>\n\n\n\n<ul class=\"wp-block-list\"><li>la pres\u00e8ncia d&#8217;un virus a l&#8217;ordinador de l&#8217;usuari que sigui utilitzat per a la connexi\u00f3 als serveis i continguts de la web<\/li><li>un mal funcionament del navegador<\/li><li>i\/o de l&#8217;\u00fas de versions no actualitzades<\/li><\/ul>\n\n\n\n<p><\/p>\n\n\n\n<p><strong>Immersium Studio SL<\/strong> no es fa responsable de la fiabilitat i rapidesa dels hiperenlla\u00e7os que s&#8217;incorporin a la web per a l&#8217;obertura d&#8217;altres.<strong> Immersium Studio SL <\/strong>no garanteix la utilitat d&#8217;aquests enlla\u00e7os, ni es responsabilitza dels continguts o serveis als quals pugui accedir l&#8217;usuari per mitj\u00e0 d&#8217;aquests enlla\u00e7os, ni del bon funcionament d&#8217;aquestes webs.<\/p>\n\n\n\n<p><strong>Immersium Studio SL<\/strong> no ser\u00e0 responsable dels virus o altres programes inform\u00e0tics que deteriorin o puguin deteriorar els sistemes o equips inform\u00e0tics dels usuaris en accedir a la seva web o altres webs a que s&#8217;hagi accedit mitjan\u00e7ant enlla\u00e7os d&#8217;aquest web.<\/p>\n\n\n\n<p><\/p>\n\n\n\n<h2 class=\"wp-block-heading\">6.- \u00daS DE LA TECNOLOGIA DE COOKIES<\/h2>\n\n\n\n<p>La web no utilitza cookies ni qualsevol altre procediment invisible de recollida d&#8217;informaci\u00f3 quan l&#8217;usuari hi navega, respectant en tot moment la confidencialitat i intimitat del mateix.<\/p>\n\n\n\n<p>La web utilitza cookies, pot consultar la nostra Pol\u00edtica de Cookies, que respecta en tot moment la confidencialitat i intimitat del mateix.<\/p>\n\n\n\n<p><\/p>\n\n\n\n<h2 class=\"wp-block-heading\">7.- PROPIETAT INTEL.LECTUAL I INDUSTRIAL<\/h2>\n\n\n\n<p>S\u00f3n propietat d&#8217;<strong>Immersium Studio SL<\/strong>, tots els drets de propietat industrial i intel\u00b7lectual de la web, aix\u00ed com dels continguts que hi ha. Qualsevol \u00fas de la web o els seus continguts haur\u00e0 de tenir un car\u00e0cter exclusivament particular. Est\u00e0 reservat exclusivament a <strong>Immersium Studio SL<\/strong>, qualsevol altre \u00fas que suposi la c\u00f2pia, reproducci\u00f3, distribuci\u00f3, transformaci\u00f3, comunicaci\u00f3 p\u00fablica o qualsevol altra acci\u00f3 similar, de tot o part dels continguts de la web, per la qual cosa cap usuari no podr\u00e0 dur a terme aquestes accions sense l&#8217;autoritzaci\u00f3 pr\u00e8via i per escrit d&#8217;<strong>Immersium Studio SL<\/strong>.<\/p>\n\n\n\n<p><\/p>\n\n\n\n<h2 class=\"wp-block-heading\">\u00a08.- POL\u00cdTICA DE PRIVACITAT I PROTECCI\u00d3 DE DADES<\/h2>\n\n\n\n<p><strong>Immersium Studio SL<\/strong> garanteix la protecci\u00f3 i confidencialitat de les dades personals, de qualsevol tipus que ens proporcionin les nostres empreses clients d&#8217;acord amb all\u00f2 que disposa la Llei Org\u00e0nica 15\/1999, de 13 de Desembre de Protecci\u00f3 de Dades de Car\u00e0cter Personal.<br>Totes les dades facilitades per les nostres empreses clients a <strong>Immersium Studio SL <\/strong>o al seu personal, seran incloses en un fitxer automatitzat de dades de car\u00e0cter personal creat i mantingut sota la responsabilitat d&#8217;<strong>Immersium Studio SL<\/strong>, imprescindibles per prestar els serveis sol\u00b7licitats pels usuaris.<\/p>\n\n\n\n<p>Les dades facilitades seran tractades segons el Reglament de Mesures de Seguretat (Reial Decret 1720\/2007 de 21 de Desembre). En aquest sentit <strong>Immersium Studio SL<\/strong> ha adoptat els nivells de protecci\u00f3 que legalment s&#8217;exigeixen, i ha instal\u00b7lat totes les mesures t\u00e8cniques al seu abast per evitar la p\u00e8rdua, mal \u00fas, alteraci\u00f3, acc\u00e9s no autoritzat per tercers. Tot i aix\u00f2, l&#8217;usuari ha de ser conscient que les mesures de seguretat a Internet no s\u00f3n inexpugnables. En cas que considereu oport\u00fa que se cedeixin les vostres dades de car\u00e0cter personal a altres entitats, l&#8217;usuari ser\u00e0 informat de les dades cedides, de la finalitat del fitxer i del nom i adre\u00e7a del cessionari, perqu\u00e8 del seu consentiment inequ\u00edvoc sobre aix\u00f2.<\/p>\n\n\n\n<p>En compliment del que estableix la RGPD, l&#8217;usuari podr\u00e0 exercir els drets d&#8217;acc\u00e9s, rectificaci\u00f3, cancel\u00b7laci\u00f3 i oposici\u00f3. Per aix\u00f2 deu contactar amb nosaltres a info@immersiumstudio.com.<\/p>\n\n\n\n<p><\/p>\n\n\n\n<h2 class=\"wp-block-heading\">9.- LEGISLACI\u00d3 APLICABLE I JURISDICCI\u00d3 COMPETENT<\/h2>\n\n\n\n<p>Aquest Av\u00eds Legal s&#8217;interpretar\u00e0 i es regir\u00e0 de conformitat amb la legislaci\u00f3 espanyola.<strong> Immersium Studio SL<\/strong> i els usuaris, amb ren\u00fancia expressa a qualsevol altre fur que els pogu\u00e9s correspondre, es sotmeten al dels jutjats i tribunals del domicili de l&#8217;usuari per a qualsevol controv\u00e8rsia que pogu\u00e9s derivar-se de l&#8217;acc\u00e9s o \u00fas del web. En cas que l&#8217;usuari tingui el domicili fora d&#8217;Espanya, <strong>Immersium Studio SL<\/strong> i l&#8217;usuari, se sotmeten, amb ren\u00fancia expressa a qualsevol altre fur, als jutjats i tribunals del domicili d&#8217;<strong>Immersium Studio SL<\/strong>.<\/p>\n\n\n\n<p><\/p>\n","protected":false},"excerpt":{"rendered":"<p>El present Av\u00eds Legal regula les condicions generals d&#8217;acc\u00e9s i utilitzaci\u00f3 del lloc web accessible a l&#8217;adre\u00e7a URL https:\/\/immersiumstudio.com (d&#8217;ara endavant, el lloc web), que Immersium Studio SL posa a disposici\u00f3 dels usuaris d&#8217;Internet.La utilitzaci\u00f3 del lloc web implica l&#8217;acceptaci\u00f3 plena i sense reserves de totes i cadascuna de les disposicions incloses en aquest Av\u00eds [&hellip;]<\/p>\n","protected":false},"author":1,"featured_media":0,"parent":0,"menu_order":27,"comment_status":"closed","ping_status":"closed","template":"","meta":{"_seopress_robots_primary_cat":"","_seopress_titles_title":"","_seopress_titles_desc":"","_seopress_robots_index":"","footnotes":""},"class_list":["post-1607","page","type-page","status-publish","hentry"],"_links":{"self":[{"href":"https:\/\/immersiumstudio.com\/ca\/wp-json\/wp\/v2\/pages\/1607","targetHints":{"allow":["GET"]}}],"collection":[{"href":"https:\/\/immersiumstudio.com\/ca\/wp-json\/wp\/v2\/pages"}],"about":[{"href":"https:\/\/immersiumstudio.com\/ca\/wp-json\/wp\/v2\/types\/page"}],"author":[{"embeddable":true,"href":"https:\/\/immersiumstudio.com\/ca\/wp-json\/wp\/v2\/users\/1"}],"replies":[{"embeddable":true,"href":"https:\/\/immersiumstudio.com\/ca\/wp-json\/wp\/v2\/comments?post=1607"}],"version-history":[{"count":0,"href":"https:\/\/immersiumstudio.com\/ca\/wp-json\/wp\/v2\/pages\/1607\/revisions"}],"wp:attachment":[{"href":"https:\/\/immersiumstudio.com\/ca\/wp-json\/wp\/v2\/media?parent=1607"}],"curies":[{"name":"wp","href":"https:\/\/api.w.org\/{rel}","templated":true}]}}